{"id":10275,"date":"2019-05-10T16:28:07","date_gmt":"2019-05-10T14:28:07","guid":{"rendered":"https:\/\/www.qrpinternational.ch\/formation\/open-pm%c2%b2\/"},"modified":"2024-12-12T11:20:54","modified_gmt":"2024-12-12T10:20:54","slug":"methode-de-gestion-de-projet-open-pm%c2%b2","status":"publish","type":"page","link":"https:\/\/www.qrpinternational.ch\/fr\/formation\/methode-de-gestion-de-projet-open-pm%c2%b2\/","title":{"rendered":"Open PM\u00b2"},"content":{"rendered":"","protected":false},"excerpt":{"rendered":"","protected":false},"author":1,"featured_media":0,"parent":3143,"menu_order":223,"comment_status":"closed","ping_status":"closed","template":"method_template.php","meta":{"_acf_changed":false,"footnotes":""},"class_list":["post-10275","page","type-page","status-publish","hentry"],"acf":[],"yoast_head":"<!-- This site is optimized with the Yoast SEO plugin v25.0 - https:\/\/yoast.com\/wordpress\/plugins\/seo\/ -->\n<title>M\u00e9thode de gestion de projet Open PM\u00b2| QRP Switzerland<\/title>\n<meta name=\"description\" content=\"L&#039;Open PM\u00b2 est la m\u00e9thodologie de gestion de projet d\u00e9velopp\u00e9e par la commission europ\u00e9enne, l&#039;examen est inclus.\" \/>\n<meta name=\"robots\" content=\"index, follow, max-snippet:-1, max-image-preview:large, max-video-preview:-1\" \/>\n<link rel=\"canonical\" href=\"https:\/\/www.qrpinternational.ch\/fr\/formation\/methode-de-gestion-de-projet-open-pm\u00b2\/\" \/>\n<meta property=\"og:locale\" content=\"fr_FR\" \/>\n<meta property=\"og:type\" content=\"article\" \/>\n<meta property=\"og:title\" content=\"M\u00e9thode de gestion de projet Open PM\u00b2| QRP Switzerland\" \/>\n<meta property=\"og:description\" content=\"L&#039;Open PM\u00b2 est la m\u00e9thodologie de gestion de projet d\u00e9velopp\u00e9e par la commission europ\u00e9enne, l&#039;examen est inclus.\" \/>\n<meta property=\"og:url\" content=\"https:\/\/www.qrpinternational.ch\/fr\/formation\/methode-de-gestion-de-projet-open-pm\u00b2\/\" \/>\n<meta property=\"og:site_name\" content=\"Switzerland\" \/>\n<meta property=\"article:modified_time\" content=\"2024-12-12T10:20:54+00:00\" \/>\n<meta name=\"twitter:card\" content=\"summary_large_image\" \/>\n<script type=\"application\/ld+json\" class=\"yoast-schema-graph\">{\"@context\":\"https:\/\/schema.org\",\"@graph\":[{\"@type\":\"WebPage\",\"@id\":\"https:\/\/www.qrpinternational.ch\/fr\/formation\/methode-de-gestion-de-projet-open-pm%c2%b2\/\",\"url\":\"https:\/\/www.qrpinternational.ch\/fr\/formation\/methode-de-gestion-de-projet-open-pm%c2%b2\/\",\"name\":\"M\u00e9thode de gestion de projet Open PM\u00b2| QRP Switzerland\",\"isPartOf\":{\"@id\":\"https:\/\/www.qrpinternational.ch\/#website\"},\"datePublished\":\"2019-05-10T14:28:07+00:00\",\"dateModified\":\"2024-12-12T10:20:54+00:00\",\"description\":\"L'Open PM\u00b2 est la m\u00e9thodologie de gestion de projet d\u00e9velopp\u00e9e par la commission europ\u00e9enne, l'examen est inclus.\",\"breadcrumb\":{\"@id\":\"https:\/\/www.qrpinternational.ch\/fr\/formation\/methode-de-gestion-de-projet-open-pm%c2%b2\/#breadcrumb\"},\"inLanguage\":\"fr-FR\",\"potentialAction\":[{\"@type\":\"ReadAction\",\"target\":[\"https:\/\/www.qrpinternational.ch\/fr\/formation\/methode-de-gestion-de-projet-open-pm%c2%b2\/\"]}]},{\"@type\":\"BreadcrumbList\",\"@id\":\"https:\/\/www.qrpinternational.ch\/fr\/formation\/methode-de-gestion-de-projet-open-pm%c2%b2\/#breadcrumb\",\"itemListElement\":[{\"@type\":\"ListItem\",\"position\":1,\"name\":\"Home\",\"item\":\"https:\/\/www.qrpinternational.ch\/fr\/\"},{\"@type\":\"ListItem\",\"position\":2,\"name\":\"Nos Formations\",\"item\":\"https:\/\/www.qrpinternational.ch\/fr\/formation\/\"},{\"@type\":\"ListItem\",\"position\":3,\"name\":\"Open PM\u00b2\"}]},{\"@type\":\"WebSite\",\"@id\":\"https:\/\/www.qrpinternational.ch\/#website\",\"url\":\"https:\/\/www.qrpinternational.ch\/\",\"name\":\"Switzerland\",\"description\":\"Developing Professionals\",\"potentialAction\":[{\"@type\":\"SearchAction\",\"target\":{\"@type\":\"EntryPoint\",\"urlTemplate\":\"https:\/\/www.qrpinternational.ch\/?s={search_term_string}\"},\"query-input\":{\"@type\":\"PropertyValueSpecification\",\"valueRequired\":true,\"valueName\":\"search_term_string\"}}],\"inLanguage\":\"fr-FR\"}]}<\/script>\n<!-- \/ Yoast SEO plugin. -->","yoast_head_json":{"title":"M\u00e9thode de gestion de projet Open PM\u00b2| QRP Switzerland","description":"L'Open PM\u00b2 est la m\u00e9thodologie de gestion de projet d\u00e9velopp\u00e9e par la commission europ\u00e9enne, l'examen est inclus.","robots":{"index":"index","follow":"follow","max-snippet":"max-snippet:-1","max-image-preview":"max-image-preview:large","max-video-preview":"max-video-preview:-1"},"canonical":"https:\/\/www.qrpinternational.ch\/fr\/formation\/methode-de-gestion-de-projet-open-pm\u00b2\/","og_locale":"fr_FR","og_type":"article","og_title":"M\u00e9thode de gestion de projet Open PM\u00b2| QRP Switzerland","og_description":"L'Open PM\u00b2 est la m\u00e9thodologie de gestion de projet d\u00e9velopp\u00e9e par la commission europ\u00e9enne, l'examen est inclus.","og_url":"https:\/\/www.qrpinternational.ch\/fr\/formation\/methode-de-gestion-de-projet-open-pm\u00b2\/","og_site_name":"Switzerland","article_modified_time":"2024-12-12T10:20:54+00:00","twitter_card":"summary_large_image","schema":{"@context":"https:\/\/schema.org","@graph":[{"@type":"WebPage","@id":"https:\/\/www.qrpinternational.ch\/fr\/formation\/methode-de-gestion-de-projet-open-pm%c2%b2\/","url":"https:\/\/www.qrpinternational.ch\/fr\/formation\/methode-de-gestion-de-projet-open-pm%c2%b2\/","name":"M\u00e9thode de gestion de projet Open PM\u00b2| QRP Switzerland","isPartOf":{"@id":"https:\/\/www.qrpinternational.ch\/#website"},"datePublished":"2019-05-10T14:28:07+00:00","dateModified":"2024-12-12T10:20:54+00:00","description":"L'Open PM\u00b2 est la m\u00e9thodologie de gestion de projet d\u00e9velopp\u00e9e par la commission europ\u00e9enne, l'examen est inclus.","breadcrumb":{"@id":"https:\/\/www.qrpinternational.ch\/fr\/formation\/methode-de-gestion-de-projet-open-pm%c2%b2\/#breadcrumb"},"inLanguage":"fr-FR","potentialAction":[{"@type":"ReadAction","target":["https:\/\/www.qrpinternational.ch\/fr\/formation\/methode-de-gestion-de-projet-open-pm%c2%b2\/"]}]},{"@type":"BreadcrumbList","@id":"https:\/\/www.qrpinternational.ch\/fr\/formation\/methode-de-gestion-de-projet-open-pm%c2%b2\/#breadcrumb","itemListElement":[{"@type":"ListItem","position":1,"name":"Home","item":"https:\/\/www.qrpinternational.ch\/fr\/"},{"@type":"ListItem","position":2,"name":"Nos Formations","item":"https:\/\/www.qrpinternational.ch\/fr\/formation\/"},{"@type":"ListItem","position":3,"name":"Open PM\u00b2"}]},{"@type":"WebSite","@id":"https:\/\/www.qrpinternational.ch\/#website","url":"https:\/\/www.qrpinternational.ch\/","name":"Switzerland","description":"Developing Professionals","potentialAction":[{"@type":"SearchAction","target":{"@type":"EntryPoint","urlTemplate":"https:\/\/www.qrpinternational.ch\/?s={search_term_string}"},"query-input":{"@type":"PropertyValueSpecification","valueRequired":true,"valueName":"search_term_string"}}],"inLanguage":"fr-FR"}]}},"_links":{"self":[{"href":"https:\/\/www.qrpinternational.ch\/fr\/wp-json\/wp\/v2\/pages\/10275","targetHints":{"allow":["GET"]}}],"collection":[{"href":"https:\/\/www.qrpinternational.ch\/fr\/wp-json\/wp\/v2\/pages"}],"about":[{"href":"https:\/\/www.qrpinternational.ch\/fr\/wp-json\/wp\/v2\/types\/page"}],"author":[{"embeddable":true,"href":"https:\/\/www.qrpinternational.ch\/fr\/wp-json\/wp\/v2\/users\/1"}],"replies":[{"embeddable":true,"href":"https:\/\/www.qrpinternational.ch\/fr\/wp-json\/wp\/v2\/comments?post=10275"}],"version-history":[{"count":10,"href":"https:\/\/www.qrpinternational.ch\/fr\/wp-json\/wp\/v2\/pages\/10275\/revisions"}],"predecessor-version":[{"id":43737,"href":"https:\/\/www.qrpinternational.ch\/fr\/wp-json\/wp\/v2\/pages\/10275\/revisions\/43737"}],"up":[{"embeddable":true,"href":"https:\/\/www.qrpinternational.ch\/fr\/wp-json\/wp\/v2\/pages\/3143"}],"wp:attachment":[{"href":"https:\/\/www.qrpinternational.ch\/fr\/wp-json\/wp\/v2\/media?parent=10275"}],"curies":[{"name":"wp","href":"https:\/\/api.w.org\/{rel}","templated":true}]}}