{"id":13423,"date":"2020-03-23T11:02:03","date_gmt":"2020-03-23T10:02:03","guid":{"rendered":"https:\/\/www.qrpinternational.ch\/?page_id=13423"},"modified":"2024-03-11T16:20:15","modified_gmt":"2024-03-11T15:20:15","slug":"abc-scrum","status":"publish","type":"page","link":"https:\/\/www.qrpinternational.ch\/fr\/formation\/abc-scrum\/","title":{"rendered":"ABC Scrum"},"content":{"rendered":"","protected":false},"excerpt":{"rendered":"","protected":false},"author":1,"featured_media":0,"parent":3143,"menu_order":182,"comment_status":"closed","ping_status":"closed","template":"method_template.php","meta":{"_acf_changed":false,"footnotes":""},"class_list":["post-13423","page","type-page","status-publish","hentry"],"acf":[],"yoast_head":"<!-- This site is optimized with the Yoast SEO plugin v25.0 - https:\/\/yoast.com\/wordpress\/plugins\/seo\/ -->\n<title>ABC Scrum - Formation et Certification<\/title>\n<meta name=\"description\" content=\"Scrum est un cadre de travail pour le d\u00e9veloppement, la livraison et la maintenance de produits complexes gr\u00e2ce \u00e0 la collaboration efficace des \u00e9quipes.\" \/>\n<meta name=\"robots\" content=\"index, follow, max-snippet:-1, max-image-preview:large, max-video-preview:-1\" \/>\n<link rel=\"canonical\" href=\"https:\/\/www.qrpinternational.ch\/fr\/formation\/abc-scrum\/\" \/>\n<meta property=\"og:locale\" content=\"fr_FR\" \/>\n<meta property=\"og:type\" content=\"article\" \/>\n<meta property=\"og:title\" content=\"ABC Scrum - Formation et Certification\" \/>\n<meta property=\"og:description\" content=\"Scrum est un cadre de travail pour le d\u00e9veloppement, la livraison et la maintenance de produits complexes gr\u00e2ce \u00e0 la collaboration efficace des \u00e9quipes.\" \/>\n<meta property=\"og:url\" content=\"https:\/\/www.qrpinternational.ch\/fr\/formation\/abc-scrum\/\" \/>\n<meta property=\"og:site_name\" content=\"Switzerland\" \/>\n<meta property=\"article:modified_time\" content=\"2024-03-11T15:20:15+00:00\" \/>\n<meta name=\"twitter:card\" content=\"summary_large_image\" \/>\n<script type=\"application\/ld+json\" class=\"yoast-schema-graph\">{\"@context\":\"https:\/\/schema.org\",\"@graph\":[{\"@type\":\"WebPage\",\"@id\":\"https:\/\/www.qrpinternational.ch\/fr\/formation\/abc-scrum\/\",\"url\":\"https:\/\/www.qrpinternational.ch\/fr\/formation\/abc-scrum\/\",\"name\":\"ABC Scrum - Formation et Certification\",\"isPartOf\":{\"@id\":\"https:\/\/www.qrpinternational.ch\/#website\"},\"datePublished\":\"2020-03-23T10:02:03+00:00\",\"dateModified\":\"2024-03-11T15:20:15+00:00\",\"description\":\"Scrum est un cadre de travail pour le d\u00e9veloppement, la livraison et la maintenance de produits complexes gr\u00e2ce \u00e0 la collaboration efficace des \u00e9quipes.\",\"breadcrumb\":{\"@id\":\"https:\/\/www.qrpinternational.ch\/fr\/formation\/abc-scrum\/#breadcrumb\"},\"inLanguage\":\"fr-FR\",\"potentialAction\":[{\"@type\":\"ReadAction\",\"target\":[\"https:\/\/www.qrpinternational.ch\/fr\/formation\/abc-scrum\/\"]}]},{\"@type\":\"BreadcrumbList\",\"@id\":\"https:\/\/www.qrpinternational.ch\/fr\/formation\/abc-scrum\/#breadcrumb\",\"itemListElement\":[{\"@type\":\"ListItem\",\"position\":1,\"name\":\"Home\",\"item\":\"https:\/\/www.qrpinternational.ch\/fr\/\"},{\"@type\":\"ListItem\",\"position\":2,\"name\":\"Nos Formations\",\"item\":\"https:\/\/www.qrpinternational.ch\/fr\/formation\/\"},{\"@type\":\"ListItem\",\"position\":3,\"name\":\"ABC Scrum\"}]},{\"@type\":\"WebSite\",\"@id\":\"https:\/\/www.qrpinternational.ch\/#website\",\"url\":\"https:\/\/www.qrpinternational.ch\/\",\"name\":\"Switzerland\",\"description\":\"Developing Professionals\",\"potentialAction\":[{\"@type\":\"SearchAction\",\"target\":{\"@type\":\"EntryPoint\",\"urlTemplate\":\"https:\/\/www.qrpinternational.ch\/?s={search_term_string}\"},\"query-input\":{\"@type\":\"PropertyValueSpecification\",\"valueRequired\":true,\"valueName\":\"search_term_string\"}}],\"inLanguage\":\"fr-FR\"}]}<\/script>\n<!-- \/ Yoast SEO plugin. -->","yoast_head_json":{"title":"ABC Scrum - Formation et Certification","description":"Scrum est un cadre de travail pour le d\u00e9veloppement, la livraison et la maintenance de produits complexes gr\u00e2ce \u00e0 la collaboration efficace des \u00e9quipes.","robots":{"index":"index","follow":"follow","max-snippet":"max-snippet:-1","max-image-preview":"max-image-preview:large","max-video-preview":"max-video-preview:-1"},"canonical":"https:\/\/www.qrpinternational.ch\/fr\/formation\/abc-scrum\/","og_locale":"fr_FR","og_type":"article","og_title":"ABC Scrum - Formation et Certification","og_description":"Scrum est un cadre de travail pour le d\u00e9veloppement, la livraison et la maintenance de produits complexes gr\u00e2ce \u00e0 la collaboration efficace des \u00e9quipes.","og_url":"https:\/\/www.qrpinternational.ch\/fr\/formation\/abc-scrum\/","og_site_name":"Switzerland","article_modified_time":"2024-03-11T15:20:15+00:00","twitter_card":"summary_large_image","schema":{"@context":"https:\/\/schema.org","@graph":[{"@type":"WebPage","@id":"https:\/\/www.qrpinternational.ch\/fr\/formation\/abc-scrum\/","url":"https:\/\/www.qrpinternational.ch\/fr\/formation\/abc-scrum\/","name":"ABC Scrum - Formation et Certification","isPartOf":{"@id":"https:\/\/www.qrpinternational.ch\/#website"},"datePublished":"2020-03-23T10:02:03+00:00","dateModified":"2024-03-11T15:20:15+00:00","description":"Scrum est un cadre de travail pour le d\u00e9veloppement, la livraison et la maintenance de produits complexes gr\u00e2ce \u00e0 la collaboration efficace des \u00e9quipes.","breadcrumb":{"@id":"https:\/\/www.qrpinternational.ch\/fr\/formation\/abc-scrum\/#breadcrumb"},"inLanguage":"fr-FR","potentialAction":[{"@type":"ReadAction","target":["https:\/\/www.qrpinternational.ch\/fr\/formation\/abc-scrum\/"]}]},{"@type":"BreadcrumbList","@id":"https:\/\/www.qrpinternational.ch\/fr\/formation\/abc-scrum\/#breadcrumb","itemListElement":[{"@type":"ListItem","position":1,"name":"Home","item":"https:\/\/www.qrpinternational.ch\/fr\/"},{"@type":"ListItem","position":2,"name":"Nos Formations","item":"https:\/\/www.qrpinternational.ch\/fr\/formation\/"},{"@type":"ListItem","position":3,"name":"ABC Scrum"}]},{"@type":"WebSite","@id":"https:\/\/www.qrpinternational.ch\/#website","url":"https:\/\/www.qrpinternational.ch\/","name":"Switzerland","description":"Developing Professionals","potentialAction":[{"@type":"SearchAction","target":{"@type":"EntryPoint","urlTemplate":"https:\/\/www.qrpinternational.ch\/?s={search_term_string}"},"query-input":{"@type":"PropertyValueSpecification","valueRequired":true,"valueName":"search_term_string"}}],"inLanguage":"fr-FR"}]}},"_links":{"self":[{"href":"https:\/\/www.qrpinternational.ch\/fr\/wp-json\/wp\/v2\/pages\/13423","targetHints":{"allow":["GET"]}}],"collection":[{"href":"https:\/\/www.qrpinternational.ch\/fr\/wp-json\/wp\/v2\/pages"}],"about":[{"href":"https:\/\/www.qrpinternational.ch\/fr\/wp-json\/wp\/v2\/types\/page"}],"author":[{"embeddable":true,"href":"https:\/\/www.qrpinternational.ch\/fr\/wp-json\/wp\/v2\/users\/1"}],"replies":[{"embeddable":true,"href":"https:\/\/www.qrpinternational.ch\/fr\/wp-json\/wp\/v2\/comments?post=13423"}],"version-history":[{"count":11,"href":"https:\/\/www.qrpinternational.ch\/fr\/wp-json\/wp\/v2\/pages\/13423\/revisions"}],"predecessor-version":[{"id":39655,"href":"https:\/\/www.qrpinternational.ch\/fr\/wp-json\/wp\/v2\/pages\/13423\/revisions\/39655"}],"up":[{"embeddable":true,"href":"https:\/\/www.qrpinternational.ch\/fr\/wp-json\/wp\/v2\/pages\/3143"}],"wp:attachment":[{"href":"https:\/\/www.qrpinternational.ch\/fr\/wp-json\/wp\/v2\/media?parent=13423"}],"curies":[{"name":"wp","href":"https:\/\/api.w.org\/{rel}","templated":true}]}}