{"id":19853,"date":"2021-05-28T10:33:56","date_gmt":"2021-05-28T08:33:56","guid":{"rendered":"https:\/\/www.qrpinternational.ch\/?page_id=19853"},"modified":"2025-07-29T15:28:25","modified_gmt":"2025-07-29T13:28:25","slug":"agile-change-agent","status":"publish","type":"page","link":"https:\/\/www.qrpinternational.ch\/fr\/formation\/agile-change-management\/agile-change-agent\/","title":{"rendered":"Agile Change Agent"},"content":{"rendered":"","protected":false},"excerpt":{"rendered":"","protected":false},"author":1,"featured_media":0,"parent":19811,"menu_order":136,"comment_status":"closed","ping_status":"closed","template":"submethod_template.php","meta":{"_acf_changed":false,"footnotes":""},"class_list":["post-19853","page","type-page","status-publish","hentry"],"acf":[],"yoast_head":"<!-- This site is optimized with the Yoast SEO plugin v25.0 - https:\/\/yoast.com\/wordpress\/plugins\/seo\/ -->\n<title>Agile Change Agent - Formation Agile Change Management<\/title>\n<meta name=\"description\" content=\"La formation Agile Change Agent est \u00e9tay\u00e9e d&#039;exercices, de conseils et d&#039;outils pratiques, pour une meilleure compr\u00e9hension et exp\u00e9rience de formation.\" \/>\n<meta name=\"robots\" content=\"index, follow, max-snippet:-1, max-image-preview:large, max-video-preview:-1\" \/>\n<link rel=\"canonical\" href=\"https:\/\/www.qrpinternational.ch\/fr\/formation\/agile-change-management\/agile-change-agent\/\" \/>\n<meta property=\"og:locale\" content=\"fr_FR\" \/>\n<meta property=\"og:type\" content=\"article\" \/>\n<meta property=\"og:title\" content=\"Agile Change Agent - Formation Agile Change Management\" \/>\n<meta property=\"og:description\" content=\"La formation Agile Change Agent est \u00e9tay\u00e9e d&#039;exercices, de conseils et d&#039;outils pratiques, pour une meilleure compr\u00e9hension et exp\u00e9rience de formation.\" \/>\n<meta property=\"og:url\" content=\"https:\/\/www.qrpinternational.ch\/fr\/formation\/agile-change-management\/agile-change-agent\/\" \/>\n<meta property=\"og:site_name\" content=\"Switzerland\" \/>\n<meta property=\"article:modified_time\" content=\"2025-07-29T13:28:25+00:00\" \/>\n<meta name=\"twitter:card\" content=\"summary_large_image\" \/>\n<script type=\"application\/ld+json\" class=\"yoast-schema-graph\">{\"@context\":\"https:\/\/schema.org\",\"@graph\":[{\"@type\":\"WebPage\",\"@id\":\"https:\/\/www.qrpinternational.ch\/fr\/formation\/agile-change-management\/agile-change-agent\/\",\"url\":\"https:\/\/www.qrpinternational.ch\/fr\/formation\/agile-change-management\/agile-change-agent\/\",\"name\":\"Agile Change Agent - Formation Agile Change Management\",\"isPartOf\":{\"@id\":\"https:\/\/www.qrpinternational.ch\/#website\"},\"datePublished\":\"2021-05-28T08:33:56+00:00\",\"dateModified\":\"2025-07-29T13:28:25+00:00\",\"description\":\"La formation Agile Change Agent est \u00e9tay\u00e9e d'exercices, de conseils et d'outils pratiques, pour une meilleure compr\u00e9hension et exp\u00e9rience de formation.\",\"breadcrumb\":{\"@id\":\"https:\/\/www.qrpinternational.ch\/fr\/formation\/agile-change-management\/agile-change-agent\/#breadcrumb\"},\"inLanguage\":\"fr-FR\",\"potentialAction\":[{\"@type\":\"ReadAction\",\"target\":[\"https:\/\/www.qrpinternational.ch\/fr\/formation\/agile-change-management\/agile-change-agent\/\"]}]},{\"@type\":\"BreadcrumbList\",\"@id\":\"https:\/\/www.qrpinternational.ch\/fr\/formation\/agile-change-management\/agile-change-agent\/#breadcrumb\",\"itemListElement\":[{\"@type\":\"ListItem\",\"position\":1,\"name\":\"Home\",\"item\":\"https:\/\/www.qrpinternational.ch\/fr\/\"},{\"@type\":\"ListItem\",\"position\":2,\"name\":\"Nos Formations\",\"item\":\"https:\/\/www.qrpinternational.ch\/fr\/formation\/\"},{\"@type\":\"ListItem\",\"position\":3,\"name\":\"Agile Change Management\",\"item\":\"https:\/\/www.qrpinternational.ch\/fr\/formation\/agile-change-management\/\"},{\"@type\":\"ListItem\",\"position\":4,\"name\":\"Agile Change Agent\"}]},{\"@type\":\"WebSite\",\"@id\":\"https:\/\/www.qrpinternational.ch\/#website\",\"url\":\"https:\/\/www.qrpinternational.ch\/\",\"name\":\"Switzerland\",\"description\":\"Developing Professionals\",\"potentialAction\":[{\"@type\":\"SearchAction\",\"target\":{\"@type\":\"EntryPoint\",\"urlTemplate\":\"https:\/\/www.qrpinternational.ch\/?s={search_term_string}\"},\"query-input\":{\"@type\":\"PropertyValueSpecification\",\"valueRequired\":true,\"valueName\":\"search_term_string\"}}],\"inLanguage\":\"fr-FR\"}]}<\/script>\n<!-- \/ Yoast SEO plugin. -->","yoast_head_json":{"title":"Agile Change Agent - Formation Agile Change Management","description":"La formation Agile Change Agent est \u00e9tay\u00e9e d'exercices, de conseils et d'outils pratiques, pour une meilleure compr\u00e9hension et exp\u00e9rience de formation.","robots":{"index":"index","follow":"follow","max-snippet":"max-snippet:-1","max-image-preview":"max-image-preview:large","max-video-preview":"max-video-preview:-1"},"canonical":"https:\/\/www.qrpinternational.ch\/fr\/formation\/agile-change-management\/agile-change-agent\/","og_locale":"fr_FR","og_type":"article","og_title":"Agile Change Agent - Formation Agile Change Management","og_description":"La formation Agile Change Agent est \u00e9tay\u00e9e d'exercices, de conseils et d'outils pratiques, pour une meilleure compr\u00e9hension et exp\u00e9rience de formation.","og_url":"https:\/\/www.qrpinternational.ch\/fr\/formation\/agile-change-management\/agile-change-agent\/","og_site_name":"Switzerland","article_modified_time":"2025-07-29T13:28:25+00:00","twitter_card":"summary_large_image","schema":{"@context":"https:\/\/schema.org","@graph":[{"@type":"WebPage","@id":"https:\/\/www.qrpinternational.ch\/fr\/formation\/agile-change-management\/agile-change-agent\/","url":"https:\/\/www.qrpinternational.ch\/fr\/formation\/agile-change-management\/agile-change-agent\/","name":"Agile Change Agent - Formation Agile Change Management","isPartOf":{"@id":"https:\/\/www.qrpinternational.ch\/#website"},"datePublished":"2021-05-28T08:33:56+00:00","dateModified":"2025-07-29T13:28:25+00:00","description":"La formation Agile Change Agent est \u00e9tay\u00e9e d'exercices, de conseils et d'outils pratiques, pour une meilleure compr\u00e9hension et exp\u00e9rience de formation.","breadcrumb":{"@id":"https:\/\/www.qrpinternational.ch\/fr\/formation\/agile-change-management\/agile-change-agent\/#breadcrumb"},"inLanguage":"fr-FR","potentialAction":[{"@type":"ReadAction","target":["https:\/\/www.qrpinternational.ch\/fr\/formation\/agile-change-management\/agile-change-agent\/"]}]},{"@type":"BreadcrumbList","@id":"https:\/\/www.qrpinternational.ch\/fr\/formation\/agile-change-management\/agile-change-agent\/#breadcrumb","itemListElement":[{"@type":"ListItem","position":1,"name":"Home","item":"https:\/\/www.qrpinternational.ch\/fr\/"},{"@type":"ListItem","position":2,"name":"Nos Formations","item":"https:\/\/www.qrpinternational.ch\/fr\/formation\/"},{"@type":"ListItem","position":3,"name":"Agile Change Management","item":"https:\/\/www.qrpinternational.ch\/fr\/formation\/agile-change-management\/"},{"@type":"ListItem","position":4,"name":"Agile Change Agent"}]},{"@type":"WebSite","@id":"https:\/\/www.qrpinternational.ch\/#website","url":"https:\/\/www.qrpinternational.ch\/","name":"Switzerland","description":"Developing Professionals","potentialAction":[{"@type":"SearchAction","target":{"@type":"EntryPoint","urlTemplate":"https:\/\/www.qrpinternational.ch\/?s={search_term_string}"},"query-input":{"@type":"PropertyValueSpecification","valueRequired":true,"valueName":"search_term_string"}}],"inLanguage":"fr-FR"}]}},"_links":{"self":[{"href":"https:\/\/www.qrpinternational.ch\/fr\/wp-json\/wp\/v2\/pages\/19853","targetHints":{"allow":["GET"]}}],"collection":[{"href":"https:\/\/www.qrpinternational.ch\/fr\/wp-json\/wp\/v2\/pages"}],"about":[{"href":"https:\/\/www.qrpinternational.ch\/fr\/wp-json\/wp\/v2\/types\/page"}],"author":[{"embeddable":true,"href":"https:\/\/www.qrpinternational.ch\/fr\/wp-json\/wp\/v2\/users\/1"}],"replies":[{"embeddable":true,"href":"https:\/\/www.qrpinternational.ch\/fr\/wp-json\/wp\/v2\/comments?post=19853"}],"version-history":[{"count":10,"href":"https:\/\/www.qrpinternational.ch\/fr\/wp-json\/wp\/v2\/pages\/19853\/revisions"}],"predecessor-version":[{"id":47143,"href":"https:\/\/www.qrpinternational.ch\/fr\/wp-json\/wp\/v2\/pages\/19853\/revisions\/47143"}],"up":[{"embeddable":true,"href":"https:\/\/www.qrpinternational.ch\/fr\/wp-json\/wp\/v2\/pages\/19811"}],"wp:attachment":[{"href":"https:\/\/www.qrpinternational.ch\/fr\/wp-json\/wp\/v2\/media?parent=19853"}],"curies":[{"name":"wp","href":"https:\/\/api.w.org\/{rel}","templated":true}]}}