{"id":25251,"date":"2022-05-17T14:55:54","date_gmt":"2022-05-17T12:55:54","guid":{"rendered":"https:\/\/www.qrpinternational.ch\/?page_id=25251"},"modified":"2025-09-04T14:35:33","modified_gmt":"2025-09-04T12:35:33","slug":"togaf-training-practitioner","status":"publish","type":"page","link":"https:\/\/www.qrpinternational.ch\/fr\/formation\/togaf-standard\/togaf-training-practitioner\/","title":{"rendered":"TOGAF\u00ae EA Practitioner"},"content":{"rendered":"","protected":false},"excerpt":{"rendered":"","protected":false},"author":1,"featured_media":0,"parent":25224,"menu_order":116,"comment_status":"closed","ping_status":"closed","template":"submethod_template.php","meta":{"_acf_changed":false,"footnotes":""},"class_list":["post-25251","page","type-page","status-publish","hentry"],"acf":[],"yoast_head":"<!-- This site is optimized with the Yoast SEO plugin v25.0 - https:\/\/yoast.com\/wordpress\/plugins\/seo\/ -->\n<title>Certification TOGAF\u00ae EA Training Practitioner | QRP Switzerland<\/title>\n<meta name=\"description\" content=\"Inscrivez-vous \u00e0 notre formation \u00e0 distance TOGAF\u00ae EA Practitioner pour d\u00e9couvrir la m\u00e9thode de fa\u00e7on ludique et obtenir votre certification.\" \/>\n<meta name=\"robots\" content=\"index, follow, max-snippet:-1, max-image-preview:large, max-video-preview:-1\" \/>\n<link rel=\"canonical\" href=\"https:\/\/www.qrpinternational.ch\/fr\/formation\/togaf-standard\/togaf-training-practitioner\/\" \/>\n<meta property=\"og:locale\" content=\"fr_FR\" \/>\n<meta property=\"og:type\" content=\"article\" \/>\n<meta property=\"og:title\" content=\"Certification TOGAF\u00ae EA Training Practitioner | QRP Switzerland\" \/>\n<meta property=\"og:description\" content=\"Inscrivez-vous \u00e0 notre formation \u00e0 distance TOGAF\u00ae EA Practitioner pour d\u00e9couvrir la m\u00e9thode de fa\u00e7on ludique et obtenir votre certification.\" \/>\n<meta property=\"og:url\" content=\"https:\/\/www.qrpinternational.ch\/fr\/formation\/togaf-standard\/togaf-training-practitioner\/\" \/>\n<meta property=\"og:site_name\" content=\"Switzerland\" \/>\n<meta property=\"article:modified_time\" content=\"2025-09-04T12:35:33+00:00\" \/>\n<meta name=\"twitter:card\" content=\"summary_large_image\" \/>\n<script type=\"application\/ld+json\" class=\"yoast-schema-graph\">{\"@context\":\"https:\/\/schema.org\",\"@graph\":[{\"@type\":\"WebPage\",\"@id\":\"https:\/\/www.qrpinternational.ch\/fr\/formation\/togaf-standard\/togaf-training-practitioner\/\",\"url\":\"https:\/\/www.qrpinternational.ch\/fr\/formation\/togaf-standard\/togaf-training-practitioner\/\",\"name\":\"Certification TOGAF\u00ae EA Training Practitioner | QRP Switzerland\",\"isPartOf\":{\"@id\":\"https:\/\/www.qrpinternational.ch\/#website\"},\"datePublished\":\"2022-05-17T12:55:54+00:00\",\"dateModified\":\"2025-09-04T12:35:33+00:00\",\"description\":\"Inscrivez-vous \u00e0 notre formation \u00e0 distance TOGAF\u00ae EA Practitioner pour d\u00e9couvrir la m\u00e9thode de fa\u00e7on ludique et obtenir votre certification.\",\"breadcrumb\":{\"@id\":\"https:\/\/www.qrpinternational.ch\/fr\/formation\/togaf-standard\/togaf-training-practitioner\/#breadcrumb\"},\"inLanguage\":\"fr-FR\",\"potentialAction\":[{\"@type\":\"ReadAction\",\"target\":[\"https:\/\/www.qrpinternational.ch\/fr\/formation\/togaf-standard\/togaf-training-practitioner\/\"]}]},{\"@type\":\"BreadcrumbList\",\"@id\":\"https:\/\/www.qrpinternational.ch\/fr\/formation\/togaf-standard\/togaf-training-practitioner\/#breadcrumb\",\"itemListElement\":[{\"@type\":\"ListItem\",\"position\":1,\"name\":\"Home\",\"item\":\"https:\/\/www.qrpinternational.ch\/fr\/\"},{\"@type\":\"ListItem\",\"position\":2,\"name\":\"Nos Formations\",\"item\":\"https:\/\/www.qrpinternational.ch\/fr\/formation\/\"},{\"@type\":\"ListItem\",\"position\":3,\"name\":\"TOGAF\u00ae EA\",\"item\":\"https:\/\/www.qrpinternational.ch\/fr\/formation\/togaf-standard\/\"},{\"@type\":\"ListItem\",\"position\":4,\"name\":\"TOGAF\u00ae EA Practitioner\"}]},{\"@type\":\"WebSite\",\"@id\":\"https:\/\/www.qrpinternational.ch\/#website\",\"url\":\"https:\/\/www.qrpinternational.ch\/\",\"name\":\"Switzerland\",\"description\":\"Developing Professionals\",\"potentialAction\":[{\"@type\":\"SearchAction\",\"target\":{\"@type\":\"EntryPoint\",\"urlTemplate\":\"https:\/\/www.qrpinternational.ch\/?s={search_term_string}\"},\"query-input\":{\"@type\":\"PropertyValueSpecification\",\"valueRequired\":true,\"valueName\":\"search_term_string\"}}],\"inLanguage\":\"fr-FR\"}]}<\/script>\n<!-- \/ Yoast SEO plugin. -->","yoast_head_json":{"title":"Certification TOGAF\u00ae EA Training Practitioner | QRP Switzerland","description":"Inscrivez-vous \u00e0 notre formation \u00e0 distance TOGAF\u00ae EA Practitioner pour d\u00e9couvrir la m\u00e9thode de fa\u00e7on ludique et obtenir votre certification.","robots":{"index":"index","follow":"follow","max-snippet":"max-snippet:-1","max-image-preview":"max-image-preview:large","max-video-preview":"max-video-preview:-1"},"canonical":"https:\/\/www.qrpinternational.ch\/fr\/formation\/togaf-standard\/togaf-training-practitioner\/","og_locale":"fr_FR","og_type":"article","og_title":"Certification TOGAF\u00ae EA Training Practitioner | QRP Switzerland","og_description":"Inscrivez-vous \u00e0 notre formation \u00e0 distance TOGAF\u00ae EA Practitioner pour d\u00e9couvrir la m\u00e9thode de fa\u00e7on ludique et obtenir votre certification.","og_url":"https:\/\/www.qrpinternational.ch\/fr\/formation\/togaf-standard\/togaf-training-practitioner\/","og_site_name":"Switzerland","article_modified_time":"2025-09-04T12:35:33+00:00","twitter_card":"summary_large_image","schema":{"@context":"https:\/\/schema.org","@graph":[{"@type":"WebPage","@id":"https:\/\/www.qrpinternational.ch\/fr\/formation\/togaf-standard\/togaf-training-practitioner\/","url":"https:\/\/www.qrpinternational.ch\/fr\/formation\/togaf-standard\/togaf-training-practitioner\/","name":"Certification TOGAF\u00ae EA Training Practitioner | QRP Switzerland","isPartOf":{"@id":"https:\/\/www.qrpinternational.ch\/#website"},"datePublished":"2022-05-17T12:55:54+00:00","dateModified":"2025-09-04T12:35:33+00:00","description":"Inscrivez-vous \u00e0 notre formation \u00e0 distance TOGAF\u00ae EA Practitioner pour d\u00e9couvrir la m\u00e9thode de fa\u00e7on ludique et obtenir votre certification.","breadcrumb":{"@id":"https:\/\/www.qrpinternational.ch\/fr\/formation\/togaf-standard\/togaf-training-practitioner\/#breadcrumb"},"inLanguage":"fr-FR","potentialAction":[{"@type":"ReadAction","target":["https:\/\/www.qrpinternational.ch\/fr\/formation\/togaf-standard\/togaf-training-practitioner\/"]}]},{"@type":"BreadcrumbList","@id":"https:\/\/www.qrpinternational.ch\/fr\/formation\/togaf-standard\/togaf-training-practitioner\/#breadcrumb","itemListElement":[{"@type":"ListItem","position":1,"name":"Home","item":"https:\/\/www.qrpinternational.ch\/fr\/"},{"@type":"ListItem","position":2,"name":"Nos Formations","item":"https:\/\/www.qrpinternational.ch\/fr\/formation\/"},{"@type":"ListItem","position":3,"name":"TOGAF\u00ae EA","item":"https:\/\/www.qrpinternational.ch\/fr\/formation\/togaf-standard\/"},{"@type":"ListItem","position":4,"name":"TOGAF\u00ae EA Practitioner"}]},{"@type":"WebSite","@id":"https:\/\/www.qrpinternational.ch\/#website","url":"https:\/\/www.qrpinternational.ch\/","name":"Switzerland","description":"Developing Professionals","potentialAction":[{"@type":"SearchAction","target":{"@type":"EntryPoint","urlTemplate":"https:\/\/www.qrpinternational.ch\/?s={search_term_string}"},"query-input":{"@type":"PropertyValueSpecification","valueRequired":true,"valueName":"search_term_string"}}],"inLanguage":"fr-FR"}]}},"_links":{"self":[{"href":"https:\/\/www.qrpinternational.ch\/fr\/wp-json\/wp\/v2\/pages\/25251","targetHints":{"allow":["GET"]}}],"collection":[{"href":"https:\/\/www.qrpinternational.ch\/fr\/wp-json\/wp\/v2\/pages"}],"about":[{"href":"https:\/\/www.qrpinternational.ch\/fr\/wp-json\/wp\/v2\/types\/page"}],"author":[{"embeddable":true,"href":"https:\/\/www.qrpinternational.ch\/fr\/wp-json\/wp\/v2\/users\/1"}],"replies":[{"embeddable":true,"href":"https:\/\/www.qrpinternational.ch\/fr\/wp-json\/wp\/v2\/comments?post=25251"}],"version-history":[{"count":10,"href":"https:\/\/www.qrpinternational.ch\/fr\/wp-json\/wp\/v2\/pages\/25251\/revisions"}],"predecessor-version":[{"id":47667,"href":"https:\/\/www.qrpinternational.ch\/fr\/wp-json\/wp\/v2\/pages\/25251\/revisions\/47667"}],"up":[{"embeddable":true,"href":"https:\/\/www.qrpinternational.ch\/fr\/wp-json\/wp\/v2\/pages\/25224"}],"wp:attachment":[{"href":"https:\/\/www.qrpinternational.ch\/fr\/wp-json\/wp\/v2\/media?parent=25251"}],"curies":[{"name":"wp","href":"https:\/\/api.w.org\/{rel}","templated":true}]}}