{"id":3152,"date":"2016-12-20T15:05:37","date_gmt":"2016-12-20T14:05:37","guid":{"rendered":"http:\/\/lux.www.qrpinternational.com\/?page_id=3152\/"},"modified":"2024-12-16T17:15:12","modified_gmt":"2024-12-16T16:15:12","slug":"certification-prince2-agile","status":"publish","type":"page","link":"https:\/\/www.qrpinternational.ch\/fr\/formation\/certification-prince2-agile\/","title":{"rendered":"PRINCE2 Agile"},"content":{"rendered":"","protected":false},"excerpt":{"rendered":"","protected":false},"author":1,"featured_media":0,"parent":3143,"menu_order":287,"comment_status":"closed","ping_status":"closed","template":"method_template.php","meta":{"_acf_changed":false,"footnotes":""},"class_list":["post-3152","page","type-page","status-publish","hentry"],"acf":[],"yoast_head":"<!-- This site is optimized with the Yoast SEO plugin v25.0 - https:\/\/yoast.com\/wordpress\/plugins\/seo\/ -->\n<title>M\u00e9thode de conduite de projet agile: PRINCE2 Agile | QRP<\/title>\n<meta name=\"description\" content=\"A partir de la structure PRINCE2, pilotez vos projets en mode agile avec la m\u00e9thode PRINCE2 Agile. Une solution associant flexibilit\u00e9 et r\u00e9activit\u00e9.\" \/>\n<meta name=\"robots\" content=\"index, follow, max-snippet:-1, max-image-preview:large, max-video-preview:-1\" \/>\n<link rel=\"canonical\" href=\"https:\/\/www.qrpinternational.ch\/fr\/formation\/certification-prince2-agile\/\" \/>\n<meta property=\"og:locale\" content=\"fr_FR\" \/>\n<meta property=\"og:type\" content=\"article\" \/>\n<meta property=\"og:title\" content=\"M\u00e9thode de conduite de projet agile: PRINCE2 Agile | QRP\" \/>\n<meta property=\"og:description\" content=\"A partir de la structure PRINCE2, pilotez vos projets en mode agile avec la m\u00e9thode PRINCE2 Agile. Une solution associant flexibilit\u00e9 et r\u00e9activit\u00e9.\" \/>\n<meta property=\"og:url\" content=\"https:\/\/www.qrpinternational.ch\/fr\/formation\/certification-prince2-agile\/\" \/>\n<meta property=\"og:site_name\" content=\"Switzerland\" \/>\n<meta property=\"article:modified_time\" content=\"2024-12-16T16:15:12+00:00\" \/>\n<meta name=\"twitter:card\" content=\"summary_large_image\" \/>\n<script type=\"application\/ld+json\" class=\"yoast-schema-graph\">{\"@context\":\"https:\/\/schema.org\",\"@graph\":[{\"@type\":\"WebPage\",\"@id\":\"https:\/\/www.qrpinternational.ch\/fr\/formation\/certification-prince2-agile\/\",\"url\":\"https:\/\/www.qrpinternational.ch\/fr\/formation\/certification-prince2-agile\/\",\"name\":\"M\u00e9thode de conduite de projet agile: PRINCE2 Agile | QRP\",\"isPartOf\":{\"@id\":\"https:\/\/www.qrpinternational.ch\/#website\"},\"datePublished\":\"2016-12-20T14:05:37+00:00\",\"dateModified\":\"2024-12-16T16:15:12+00:00\",\"description\":\"A partir de la structure PRINCE2, pilotez vos projets en mode agile avec la m\u00e9thode PRINCE2 Agile. Une solution associant flexibilit\u00e9 et r\u00e9activit\u00e9.\",\"breadcrumb\":{\"@id\":\"https:\/\/www.qrpinternational.ch\/fr\/formation\/certification-prince2-agile\/#breadcrumb\"},\"inLanguage\":\"fr-FR\",\"potentialAction\":[{\"@type\":\"ReadAction\",\"target\":[\"https:\/\/www.qrpinternational.ch\/fr\/formation\/certification-prince2-agile\/\"]}]},{\"@type\":\"BreadcrumbList\",\"@id\":\"https:\/\/www.qrpinternational.ch\/fr\/formation\/certification-prince2-agile\/#breadcrumb\",\"itemListElement\":[{\"@type\":\"ListItem\",\"position\":1,\"name\":\"Home\",\"item\":\"https:\/\/www.qrpinternational.ch\/fr\/\"},{\"@type\":\"ListItem\",\"position\":2,\"name\":\"Nos Formations\",\"item\":\"https:\/\/www.qrpinternational.ch\/fr\/formation\/\"},{\"@type\":\"ListItem\",\"position\":3,\"name\":\"PRINCE2 Agile\"}]},{\"@type\":\"WebSite\",\"@id\":\"https:\/\/www.qrpinternational.ch\/#website\",\"url\":\"https:\/\/www.qrpinternational.ch\/\",\"name\":\"Switzerland\",\"description\":\"Developing Professionals\",\"potentialAction\":[{\"@type\":\"SearchAction\",\"target\":{\"@type\":\"EntryPoint\",\"urlTemplate\":\"https:\/\/www.qrpinternational.ch\/?s={search_term_string}\"},\"query-input\":{\"@type\":\"PropertyValueSpecification\",\"valueRequired\":true,\"valueName\":\"search_term_string\"}}],\"inLanguage\":\"fr-FR\"}]}<\/script>\n<!-- \/ Yoast SEO plugin. -->","yoast_head_json":{"title":"M\u00e9thode de conduite de projet agile: PRINCE2 Agile | QRP","description":"A partir de la structure PRINCE2, pilotez vos projets en mode agile avec la m\u00e9thode PRINCE2 Agile. Une solution associant flexibilit\u00e9 et r\u00e9activit\u00e9.","robots":{"index":"index","follow":"follow","max-snippet":"max-snippet:-1","max-image-preview":"max-image-preview:large","max-video-preview":"max-video-preview:-1"},"canonical":"https:\/\/www.qrpinternational.ch\/fr\/formation\/certification-prince2-agile\/","og_locale":"fr_FR","og_type":"article","og_title":"M\u00e9thode de conduite de projet agile: PRINCE2 Agile | QRP","og_description":"A partir de la structure PRINCE2, pilotez vos projets en mode agile avec la m\u00e9thode PRINCE2 Agile. Une solution associant flexibilit\u00e9 et r\u00e9activit\u00e9.","og_url":"https:\/\/www.qrpinternational.ch\/fr\/formation\/certification-prince2-agile\/","og_site_name":"Switzerland","article_modified_time":"2024-12-16T16:15:12+00:00","twitter_card":"summary_large_image","schema":{"@context":"https:\/\/schema.org","@graph":[{"@type":"WebPage","@id":"https:\/\/www.qrpinternational.ch\/fr\/formation\/certification-prince2-agile\/","url":"https:\/\/www.qrpinternational.ch\/fr\/formation\/certification-prince2-agile\/","name":"M\u00e9thode de conduite de projet agile: PRINCE2 Agile | QRP","isPartOf":{"@id":"https:\/\/www.qrpinternational.ch\/#website"},"datePublished":"2016-12-20T14:05:37+00:00","dateModified":"2024-12-16T16:15:12+00:00","description":"A partir de la structure PRINCE2, pilotez vos projets en mode agile avec la m\u00e9thode PRINCE2 Agile. Une solution associant flexibilit\u00e9 et r\u00e9activit\u00e9.","breadcrumb":{"@id":"https:\/\/www.qrpinternational.ch\/fr\/formation\/certification-prince2-agile\/#breadcrumb"},"inLanguage":"fr-FR","potentialAction":[{"@type":"ReadAction","target":["https:\/\/www.qrpinternational.ch\/fr\/formation\/certification-prince2-agile\/"]}]},{"@type":"BreadcrumbList","@id":"https:\/\/www.qrpinternational.ch\/fr\/formation\/certification-prince2-agile\/#breadcrumb","itemListElement":[{"@type":"ListItem","position":1,"name":"Home","item":"https:\/\/www.qrpinternational.ch\/fr\/"},{"@type":"ListItem","position":2,"name":"Nos Formations","item":"https:\/\/www.qrpinternational.ch\/fr\/formation\/"},{"@type":"ListItem","position":3,"name":"PRINCE2 Agile"}]},{"@type":"WebSite","@id":"https:\/\/www.qrpinternational.ch\/#website","url":"https:\/\/www.qrpinternational.ch\/","name":"Switzerland","description":"Developing Professionals","potentialAction":[{"@type":"SearchAction","target":{"@type":"EntryPoint","urlTemplate":"https:\/\/www.qrpinternational.ch\/?s={search_term_string}"},"query-input":{"@type":"PropertyValueSpecification","valueRequired":true,"valueName":"search_term_string"}}],"inLanguage":"fr-FR"}]}},"_links":{"self":[{"href":"https:\/\/www.qrpinternational.ch\/fr\/wp-json\/wp\/v2\/pages\/3152","targetHints":{"allow":["GET"]}}],"collection":[{"href":"https:\/\/www.qrpinternational.ch\/fr\/wp-json\/wp\/v2\/pages"}],"about":[{"href":"https:\/\/www.qrpinternational.ch\/fr\/wp-json\/wp\/v2\/types\/page"}],"author":[{"embeddable":true,"href":"https:\/\/www.qrpinternational.ch\/fr\/wp-json\/wp\/v2\/users\/1"}],"replies":[{"embeddable":true,"href":"https:\/\/www.qrpinternational.ch\/fr\/wp-json\/wp\/v2\/comments?post=3152"}],"version-history":[{"count":10,"href":"https:\/\/www.qrpinternational.ch\/fr\/wp-json\/wp\/v2\/pages\/3152\/revisions"}],"predecessor-version":[{"id":43967,"href":"https:\/\/www.qrpinternational.ch\/fr\/wp-json\/wp\/v2\/pages\/3152\/revisions\/43967"}],"up":[{"embeddable":true,"href":"https:\/\/www.qrpinternational.ch\/fr\/wp-json\/wp\/v2\/pages\/3143"}],"wp:attachment":[{"href":"https:\/\/www.qrpinternational.ch\/fr\/wp-json\/wp\/v2\/media?parent=3152"}],"curies":[{"name":"wp","href":"https:\/\/api.w.org\/{rel}","templated":true}]}}