{"id":3154,"date":"2016-12-20T15:07:07","date_gmt":"2016-12-20T14:07:07","guid":{"rendered":"http:\/\/lux.www.qrpinternational.com\/?page_id=3154\/"},"modified":"2022-10-28T12:54:13","modified_gmt":"2022-10-28T10:54:13","slug":"agile-project-management","status":"publish","type":"page","link":"https:\/\/www.qrpinternational.ch\/fr\/formation\/agile-project-management\/","title":{"rendered":"Agile PM"},"content":{"rendered":"","protected":false},"excerpt":{"rendered":"","protected":false},"author":1,"featured_media":0,"parent":3143,"menu_order":311,"comment_status":"closed","ping_status":"closed","template":"method_template.php","meta":{"_acf_changed":false,"footnotes":""},"class_list":["post-3154","page","type-page","status-publish","hentry"],"acf":[],"yoast_head":"<!-- This site is optimized with the Yoast SEO plugin v25.0 - https:\/\/yoast.com\/wordpress\/plugins\/seo\/ -->\n<title>Agile Project Management. M\u00e9thode Agile en gestion de projet | QRP<\/title>\n<meta name=\"description\" content=\"Formation agile. D\u00e9couvrez la m\u00e9thode agile. Compl\u00e9mentaire aux approches plus formelles et aux processus de qualit\u00e9. Certification Agile\" \/>\n<meta name=\"robots\" content=\"index, follow, max-snippet:-1, max-image-preview:large, max-video-preview:-1\" \/>\n<link rel=\"canonical\" href=\"https:\/\/www.qrpinternational.ch\/fr\/formation\/agile-project-management\/\" \/>\n<meta property=\"og:locale\" content=\"fr_FR\" \/>\n<meta property=\"og:type\" content=\"article\" \/>\n<meta property=\"og:title\" content=\"Agile Project Management. M\u00e9thode Agile en gestion de projet | QRP\" \/>\n<meta property=\"og:description\" content=\"Formation agile. D\u00e9couvrez la m\u00e9thode agile. Compl\u00e9mentaire aux approches plus formelles et aux processus de qualit\u00e9. Certification Agile\" \/>\n<meta property=\"og:url\" content=\"https:\/\/www.qrpinternational.ch\/fr\/formation\/agile-project-management\/\" \/>\n<meta property=\"og:site_name\" content=\"Switzerland\" \/>\n<meta property=\"article:modified_time\" content=\"2022-10-28T10:54:13+00:00\" \/>\n<meta name=\"twitter:card\" content=\"summary_large_image\" \/>\n<script type=\"application\/ld+json\" class=\"yoast-schema-graph\">{\"@context\":\"https:\/\/schema.org\",\"@graph\":[{\"@type\":\"WebPage\",\"@id\":\"https:\/\/www.qrpinternational.ch\/fr\/formation\/agile-project-management\/\",\"url\":\"https:\/\/www.qrpinternational.ch\/fr\/formation\/agile-project-management\/\",\"name\":\"Agile Project Management. M\u00e9thode Agile en gestion de projet | QRP\",\"isPartOf\":{\"@id\":\"https:\/\/www.qrpinternational.ch\/#website\"},\"datePublished\":\"2016-12-20T14:07:07+00:00\",\"dateModified\":\"2022-10-28T10:54:13+00:00\",\"description\":\"Formation agile. D\u00e9couvrez la m\u00e9thode agile. Compl\u00e9mentaire aux approches plus formelles et aux processus de qualit\u00e9. Certification Agile\",\"breadcrumb\":{\"@id\":\"https:\/\/www.qrpinternational.ch\/fr\/formation\/agile-project-management\/#breadcrumb\"},\"inLanguage\":\"fr-FR\",\"potentialAction\":[{\"@type\":\"ReadAction\",\"target\":[\"https:\/\/www.qrpinternational.ch\/fr\/formation\/agile-project-management\/\"]}]},{\"@type\":\"BreadcrumbList\",\"@id\":\"https:\/\/www.qrpinternational.ch\/fr\/formation\/agile-project-management\/#breadcrumb\",\"itemListElement\":[{\"@type\":\"ListItem\",\"position\":1,\"name\":\"Home\",\"item\":\"https:\/\/www.qrpinternational.ch\/fr\/\"},{\"@type\":\"ListItem\",\"position\":2,\"name\":\"Nos Formations\",\"item\":\"https:\/\/www.qrpinternational.ch\/fr\/formation\/\"},{\"@type\":\"ListItem\",\"position\":3,\"name\":\"Agile PM\"}]},{\"@type\":\"WebSite\",\"@id\":\"https:\/\/www.qrpinternational.ch\/#website\",\"url\":\"https:\/\/www.qrpinternational.ch\/\",\"name\":\"Switzerland\",\"description\":\"Developing Professionals\",\"potentialAction\":[{\"@type\":\"SearchAction\",\"target\":{\"@type\":\"EntryPoint\",\"urlTemplate\":\"https:\/\/www.qrpinternational.ch\/?s={search_term_string}\"},\"query-input\":{\"@type\":\"PropertyValueSpecification\",\"valueRequired\":true,\"valueName\":\"search_term_string\"}}],\"inLanguage\":\"fr-FR\"}]}<\/script>\n<!-- \/ Yoast SEO plugin. -->","yoast_head_json":{"title":"Agile Project Management. M\u00e9thode Agile en gestion de projet | QRP","description":"Formation agile. D\u00e9couvrez la m\u00e9thode agile. Compl\u00e9mentaire aux approches plus formelles et aux processus de qualit\u00e9. Certification Agile","robots":{"index":"index","follow":"follow","max-snippet":"max-snippet:-1","max-image-preview":"max-image-preview:large","max-video-preview":"max-video-preview:-1"},"canonical":"https:\/\/www.qrpinternational.ch\/fr\/formation\/agile-project-management\/","og_locale":"fr_FR","og_type":"article","og_title":"Agile Project Management. M\u00e9thode Agile en gestion de projet | QRP","og_description":"Formation agile. D\u00e9couvrez la m\u00e9thode agile. Compl\u00e9mentaire aux approches plus formelles et aux processus de qualit\u00e9. Certification Agile","og_url":"https:\/\/www.qrpinternational.ch\/fr\/formation\/agile-project-management\/","og_site_name":"Switzerland","article_modified_time":"2022-10-28T10:54:13+00:00","twitter_card":"summary_large_image","schema":{"@context":"https:\/\/schema.org","@graph":[{"@type":"WebPage","@id":"https:\/\/www.qrpinternational.ch\/fr\/formation\/agile-project-management\/","url":"https:\/\/www.qrpinternational.ch\/fr\/formation\/agile-project-management\/","name":"Agile Project Management. M\u00e9thode Agile en gestion de projet | QRP","isPartOf":{"@id":"https:\/\/www.qrpinternational.ch\/#website"},"datePublished":"2016-12-20T14:07:07+00:00","dateModified":"2022-10-28T10:54:13+00:00","description":"Formation agile. D\u00e9couvrez la m\u00e9thode agile. Compl\u00e9mentaire aux approches plus formelles et aux processus de qualit\u00e9. Certification Agile","breadcrumb":{"@id":"https:\/\/www.qrpinternational.ch\/fr\/formation\/agile-project-management\/#breadcrumb"},"inLanguage":"fr-FR","potentialAction":[{"@type":"ReadAction","target":["https:\/\/www.qrpinternational.ch\/fr\/formation\/agile-project-management\/"]}]},{"@type":"BreadcrumbList","@id":"https:\/\/www.qrpinternational.ch\/fr\/formation\/agile-project-management\/#breadcrumb","itemListElement":[{"@type":"ListItem","position":1,"name":"Home","item":"https:\/\/www.qrpinternational.ch\/fr\/"},{"@type":"ListItem","position":2,"name":"Nos Formations","item":"https:\/\/www.qrpinternational.ch\/fr\/formation\/"},{"@type":"ListItem","position":3,"name":"Agile PM"}]},{"@type":"WebSite","@id":"https:\/\/www.qrpinternational.ch\/#website","url":"https:\/\/www.qrpinternational.ch\/","name":"Switzerland","description":"Developing Professionals","potentialAction":[{"@type":"SearchAction","target":{"@type":"EntryPoint","urlTemplate":"https:\/\/www.qrpinternational.ch\/?s={search_term_string}"},"query-input":{"@type":"PropertyValueSpecification","valueRequired":true,"valueName":"search_term_string"}}],"inLanguage":"fr-FR"}]}},"_links":{"self":[{"href":"https:\/\/www.qrpinternational.ch\/fr\/wp-json\/wp\/v2\/pages\/3154","targetHints":{"allow":["GET"]}}],"collection":[{"href":"https:\/\/www.qrpinternational.ch\/fr\/wp-json\/wp\/v2\/pages"}],"about":[{"href":"https:\/\/www.qrpinternational.ch\/fr\/wp-json\/wp\/v2\/types\/page"}],"author":[{"embeddable":true,"href":"https:\/\/www.qrpinternational.ch\/fr\/wp-json\/wp\/v2\/users\/1"}],"replies":[{"embeddable":true,"href":"https:\/\/www.qrpinternational.ch\/fr\/wp-json\/wp\/v2\/comments?post=3154"}],"version-history":[{"count":10,"href":"https:\/\/www.qrpinternational.ch\/fr\/wp-json\/wp\/v2\/pages\/3154\/revisions"}],"predecessor-version":[{"id":33412,"href":"https:\/\/www.qrpinternational.ch\/fr\/wp-json\/wp\/v2\/pages\/3154\/revisions\/33412"}],"up":[{"embeddable":true,"href":"https:\/\/www.qrpinternational.ch\/fr\/wp-json\/wp\/v2\/pages\/3143"}],"wp:attachment":[{"href":"https:\/\/www.qrpinternational.ch\/fr\/wp-json\/wp\/v2\/media?parent=3154"}],"curies":[{"name":"wp","href":"https:\/\/api.w.org\/{rel}","templated":true}]}}