{"id":3244,"date":"2016-12-20T15:43:31","date_gmt":"2016-12-20T14:43:31","guid":{"rendered":"http:\/\/lux.www.qrpinternational.com\/?page_id=3244\/"},"modified":"2026-02-24T16:44:18","modified_gmt":"2026-02-24T15:44:18","slug":"foundation-practitioner-cours","status":"publish","type":"page","link":"https:\/\/www.qrpinternational.ch\/fr\/formation\/prince2\/foundation-practitioner-cours\/","title":{"rendered":"PRINCE2 Combi"},"content":{"rendered":"","protected":false},"excerpt":{"rendered":"","protected":false},"author":1,"featured_media":0,"parent":3144,"menu_order":260,"comment_status":"closed","ping_status":"closed","template":"submethod_template.php","meta":{"_acf_changed":false,"footnotes":""},"class_list":["post-3244","page","type-page","status-publish","hentry"],"acf":[],"yoast_head":"<!-- This site is optimized with the Yoast SEO plugin v25.0 - https:\/\/yoast.com\/wordpress\/plugins\/seo\/ -->\n<title>Certification PRINCE2 Foundation et Practitioner | QRP<\/title>\n<meta name=\"description\" content=\"Organisez, g\u00e9rez et contr\u00f4lez vos projets de A \u00e0 Z en int\u00e9grant l&#039;approche PRINCE2 Foundation et Practitioner dans votre organisation.\" \/>\n<meta name=\"robots\" content=\"index, follow, max-snippet:-1, max-image-preview:large, max-video-preview:-1\" \/>\n<link rel=\"canonical\" href=\"https:\/\/www.qrpinternational.ch\/fr\/formation\/prince2\/foundation-practitioner-cours\/\" \/>\n<meta property=\"og:locale\" content=\"fr_FR\" \/>\n<meta property=\"og:type\" content=\"article\" \/>\n<meta property=\"og:title\" content=\"Certification PRINCE2 Foundation et Practitioner | QRP\" \/>\n<meta property=\"og:description\" content=\"Organisez, g\u00e9rez et contr\u00f4lez vos projets de A \u00e0 Z en int\u00e9grant l&#039;approche PRINCE2 Foundation et Practitioner dans votre organisation.\" \/>\n<meta property=\"og:url\" content=\"https:\/\/www.qrpinternational.ch\/fr\/formation\/prince2\/foundation-practitioner-cours\/\" \/>\n<meta property=\"og:site_name\" content=\"Switzerland\" \/>\n<meta property=\"article:modified_time\" content=\"2026-02-24T15:44:18+00:00\" \/>\n<meta name=\"twitter:card\" content=\"summary_large_image\" \/>\n<script type=\"application\/ld+json\" class=\"yoast-schema-graph\">{\"@context\":\"https:\/\/schema.org\",\"@graph\":[{\"@type\":\"WebPage\",\"@id\":\"https:\/\/www.qrpinternational.ch\/fr\/formation\/prince2\/foundation-practitioner-cours\/\",\"url\":\"https:\/\/www.qrpinternational.ch\/fr\/formation\/prince2\/foundation-practitioner-cours\/\",\"name\":\"Certification PRINCE2 Foundation et Practitioner | QRP\",\"isPartOf\":{\"@id\":\"https:\/\/www.qrpinternational.ch\/#website\"},\"datePublished\":\"2016-12-20T14:43:31+00:00\",\"dateModified\":\"2026-02-24T15:44:18+00:00\",\"description\":\"Organisez, g\u00e9rez et contr\u00f4lez vos projets de A \u00e0 Z en int\u00e9grant l'approche PRINCE2 Foundation et Practitioner dans votre organisation.\",\"breadcrumb\":{\"@id\":\"https:\/\/www.qrpinternational.ch\/fr\/formation\/prince2\/foundation-practitioner-cours\/#breadcrumb\"},\"inLanguage\":\"fr-FR\",\"potentialAction\":[{\"@type\":\"ReadAction\",\"target\":[\"https:\/\/www.qrpinternational.ch\/fr\/formation\/prince2\/foundation-practitioner-cours\/\"]}]},{\"@type\":\"BreadcrumbList\",\"@id\":\"https:\/\/www.qrpinternational.ch\/fr\/formation\/prince2\/foundation-practitioner-cours\/#breadcrumb\",\"itemListElement\":[{\"@type\":\"ListItem\",\"position\":1,\"name\":\"Home\",\"item\":\"https:\/\/www.qrpinternational.ch\/fr\/\"},{\"@type\":\"ListItem\",\"position\":2,\"name\":\"Nos Formations\",\"item\":\"https:\/\/www.qrpinternational.ch\/fr\/formation\/\"},{\"@type\":\"ListItem\",\"position\":3,\"name\":\"PRINCE2\",\"item\":\"https:\/\/www.qrpinternational.ch\/fr\/formation\/prince2\/\"},{\"@type\":\"ListItem\",\"position\":4,\"name\":\"PRINCE2 Combi\"}]},{\"@type\":\"WebSite\",\"@id\":\"https:\/\/www.qrpinternational.ch\/#website\",\"url\":\"https:\/\/www.qrpinternational.ch\/\",\"name\":\"Switzerland\",\"description\":\"Developing Professionals\",\"potentialAction\":[{\"@type\":\"SearchAction\",\"target\":{\"@type\":\"EntryPoint\",\"urlTemplate\":\"https:\/\/www.qrpinternational.ch\/?s={search_term_string}\"},\"query-input\":{\"@type\":\"PropertyValueSpecification\",\"valueRequired\":true,\"valueName\":\"search_term_string\"}}],\"inLanguage\":\"fr-FR\"}]}<\/script>\n<!-- \/ Yoast SEO plugin. -->","yoast_head_json":{"title":"Certification PRINCE2 Foundation et Practitioner | QRP","description":"Organisez, g\u00e9rez et contr\u00f4lez vos projets de A \u00e0 Z en int\u00e9grant l'approche PRINCE2 Foundation et Practitioner dans votre organisation.","robots":{"index":"index","follow":"follow","max-snippet":"max-snippet:-1","max-image-preview":"max-image-preview:large","max-video-preview":"max-video-preview:-1"},"canonical":"https:\/\/www.qrpinternational.ch\/fr\/formation\/prince2\/foundation-practitioner-cours\/","og_locale":"fr_FR","og_type":"article","og_title":"Certification PRINCE2 Foundation et Practitioner | QRP","og_description":"Organisez, g\u00e9rez et contr\u00f4lez vos projets de A \u00e0 Z en int\u00e9grant l'approche PRINCE2 Foundation et Practitioner dans votre organisation.","og_url":"https:\/\/www.qrpinternational.ch\/fr\/formation\/prince2\/foundation-practitioner-cours\/","og_site_name":"Switzerland","article_modified_time":"2026-02-24T15:44:18+00:00","twitter_card":"summary_large_image","schema":{"@context":"https:\/\/schema.org","@graph":[{"@type":"WebPage","@id":"https:\/\/www.qrpinternational.ch\/fr\/formation\/prince2\/foundation-practitioner-cours\/","url":"https:\/\/www.qrpinternational.ch\/fr\/formation\/prince2\/foundation-practitioner-cours\/","name":"Certification PRINCE2 Foundation et Practitioner | QRP","isPartOf":{"@id":"https:\/\/www.qrpinternational.ch\/#website"},"datePublished":"2016-12-20T14:43:31+00:00","dateModified":"2026-02-24T15:44:18+00:00","description":"Organisez, g\u00e9rez et contr\u00f4lez vos projets de A \u00e0 Z en int\u00e9grant l'approche PRINCE2 Foundation et Practitioner dans votre organisation.","breadcrumb":{"@id":"https:\/\/www.qrpinternational.ch\/fr\/formation\/prince2\/foundation-practitioner-cours\/#breadcrumb"},"inLanguage":"fr-FR","potentialAction":[{"@type":"ReadAction","target":["https:\/\/www.qrpinternational.ch\/fr\/formation\/prince2\/foundation-practitioner-cours\/"]}]},{"@type":"BreadcrumbList","@id":"https:\/\/www.qrpinternational.ch\/fr\/formation\/prince2\/foundation-practitioner-cours\/#breadcrumb","itemListElement":[{"@type":"ListItem","position":1,"name":"Home","item":"https:\/\/www.qrpinternational.ch\/fr\/"},{"@type":"ListItem","position":2,"name":"Nos Formations","item":"https:\/\/www.qrpinternational.ch\/fr\/formation\/"},{"@type":"ListItem","position":3,"name":"PRINCE2","item":"https:\/\/www.qrpinternational.ch\/fr\/formation\/prince2\/"},{"@type":"ListItem","position":4,"name":"PRINCE2 Combi"}]},{"@type":"WebSite","@id":"https:\/\/www.qrpinternational.ch\/#website","url":"https:\/\/www.qrpinternational.ch\/","name":"Switzerland","description":"Developing Professionals","potentialAction":[{"@type":"SearchAction","target":{"@type":"EntryPoint","urlTemplate":"https:\/\/www.qrpinternational.ch\/?s={search_term_string}"},"query-input":{"@type":"PropertyValueSpecification","valueRequired":true,"valueName":"search_term_string"}}],"inLanguage":"fr-FR"}]}},"_links":{"self":[{"href":"https:\/\/www.qrpinternational.ch\/fr\/wp-json\/wp\/v2\/pages\/3244","targetHints":{"allow":["GET"]}}],"collection":[{"href":"https:\/\/www.qrpinternational.ch\/fr\/wp-json\/wp\/v2\/pages"}],"about":[{"href":"https:\/\/www.qrpinternational.ch\/fr\/wp-json\/wp\/v2\/types\/page"}],"author":[{"embeddable":true,"href":"https:\/\/www.qrpinternational.ch\/fr\/wp-json\/wp\/v2\/users\/1"}],"replies":[{"embeddable":true,"href":"https:\/\/www.qrpinternational.ch\/fr\/wp-json\/wp\/v2\/comments?post=3244"}],"version-history":[{"count":10,"href":"https:\/\/www.qrpinternational.ch\/fr\/wp-json\/wp\/v2\/pages\/3244\/revisions"}],"predecessor-version":[{"id":49394,"href":"https:\/\/www.qrpinternational.ch\/fr\/wp-json\/wp\/v2\/pages\/3244\/revisions\/49394"}],"up":[{"embeddable":true,"href":"https:\/\/www.qrpinternational.ch\/fr\/wp-json\/wp\/v2\/pages\/3144"}],"wp:attachment":[{"href":"https:\/\/www.qrpinternational.ch\/fr\/wp-json\/wp\/v2\/media?parent=3244"}],"curies":[{"name":"wp","href":"https:\/\/api.w.org\/{rel}","templated":true}]}}