{"id":44812,"date":"2025-01-27T10:19:54","date_gmt":"2025-01-27T09:19:54","guid":{"rendered":"https:\/\/www.qrpinternational.ch\/?page_id=44812"},"modified":"2025-11-21T15:06:18","modified_gmt":"2025-11-21T14:06:18","slug":"chef-de-projet","status":"publish","type":"page","link":"https:\/\/www.qrpinternational.ch\/fr\/chef-de-projet\/","title":{"rendered":"Chef de projet"},"content":{"rendered":"","protected":false},"excerpt":{"rendered":"","protected":false},"author":1,"featured_media":0,"parent":0,"menu_order":57,"comment_status":"closed","ping_status":"closed","template":"roles-template.php","meta":{"_acf_changed":false,"footnotes":""},"class_list":["post-44812","page","type-page","status-publish","hentry"],"acf":[],"yoast_head":"<!-- This site is optimized with the Yoast SEO plugin v25.0 - https:\/\/yoast.com\/wordpress\/plugins\/seo\/ -->\n<title>Chef de projet r\u00f4le et certifications | QRP Switzerland<\/title>\n<meta name=\"description\" content=\"Chef de projet : d\u00e9couvrez le r\u00f4le, les comp\u00e9tences et les certifications n\u00e9cessaires pour devenir un chef de projet professionnel.\" \/>\n<meta name=\"robots\" content=\"index, follow, max-snippet:-1, max-image-preview:large, max-video-preview:-1\" \/>\n<link rel=\"canonical\" href=\"https:\/\/www.qrpinternational.ch\/fr\/chef-de-projet\/\" \/>\n<meta property=\"og:locale\" content=\"fr_FR\" \/>\n<meta property=\"og:type\" content=\"article\" \/>\n<meta property=\"og:title\" content=\"Chef de projet r\u00f4le et certifications | QRP Switzerland\" \/>\n<meta property=\"og:description\" content=\"Chef de projet : d\u00e9couvrez le r\u00f4le, les comp\u00e9tences et les certifications n\u00e9cessaires pour devenir un chef de projet professionnel.\" \/>\n<meta property=\"og:url\" content=\"https:\/\/www.qrpinternational.ch\/fr\/chef-de-projet\/\" \/>\n<meta property=\"og:site_name\" content=\"Switzerland\" \/>\n<meta property=\"article:modified_time\" content=\"2025-11-21T14:06:18+00:00\" \/>\n<meta name=\"twitter:card\" content=\"summary_large_image\" \/>\n<script type=\"application\/ld+json\" class=\"yoast-schema-graph\">{\"@context\":\"https:\/\/schema.org\",\"@graph\":[{\"@type\":\"WebPage\",\"@id\":\"https:\/\/www.qrpinternational.ch\/fr\/chef-de-projet\/\",\"url\":\"https:\/\/www.qrpinternational.ch\/fr\/chef-de-projet\/\",\"name\":\"Chef de projet r\u00f4le et certifications | QRP Switzerland\",\"isPartOf\":{\"@id\":\"https:\/\/www.qrpinternational.ch\/#website\"},\"datePublished\":\"2025-01-27T09:19:54+00:00\",\"dateModified\":\"2025-11-21T14:06:18+00:00\",\"description\":\"Chef de projet : d\u00e9couvrez le r\u00f4le, les comp\u00e9tences et les certifications n\u00e9cessaires pour devenir un chef de projet professionnel.\",\"breadcrumb\":{\"@id\":\"https:\/\/www.qrpinternational.ch\/fr\/chef-de-projet\/#breadcrumb\"},\"inLanguage\":\"fr-FR\",\"potentialAction\":[{\"@type\":\"ReadAction\",\"target\":[\"https:\/\/www.qrpinternational.ch\/fr\/chef-de-projet\/\"]}]},{\"@type\":\"BreadcrumbList\",\"@id\":\"https:\/\/www.qrpinternational.ch\/fr\/chef-de-projet\/#breadcrumb\",\"itemListElement\":[{\"@type\":\"ListItem\",\"position\":1,\"name\":\"Home\",\"item\":\"https:\/\/www.qrpinternational.ch\/fr\/\"},{\"@type\":\"ListItem\",\"position\":2,\"name\":\"Chef de projet\"}]},{\"@type\":\"WebSite\",\"@id\":\"https:\/\/www.qrpinternational.ch\/#website\",\"url\":\"https:\/\/www.qrpinternational.ch\/\",\"name\":\"Switzerland\",\"description\":\"Developing Professionals\",\"potentialAction\":[{\"@type\":\"SearchAction\",\"target\":{\"@type\":\"EntryPoint\",\"urlTemplate\":\"https:\/\/www.qrpinternational.ch\/?s={search_term_string}\"},\"query-input\":{\"@type\":\"PropertyValueSpecification\",\"valueRequired\":true,\"valueName\":\"search_term_string\"}}],\"inLanguage\":\"fr-FR\"}]}<\/script>\n<!-- \/ Yoast SEO plugin. -->","yoast_head_json":{"title":"Chef de projet r\u00f4le et certifications | QRP Switzerland","description":"Chef de projet : d\u00e9couvrez le r\u00f4le, les comp\u00e9tences et les certifications n\u00e9cessaires pour devenir un chef de projet professionnel.","robots":{"index":"index","follow":"follow","max-snippet":"max-snippet:-1","max-image-preview":"max-image-preview:large","max-video-preview":"max-video-preview:-1"},"canonical":"https:\/\/www.qrpinternational.ch\/fr\/chef-de-projet\/","og_locale":"fr_FR","og_type":"article","og_title":"Chef de projet r\u00f4le et certifications | QRP Switzerland","og_description":"Chef de projet : d\u00e9couvrez le r\u00f4le, les comp\u00e9tences et les certifications n\u00e9cessaires pour devenir un chef de projet professionnel.","og_url":"https:\/\/www.qrpinternational.ch\/fr\/chef-de-projet\/","og_site_name":"Switzerland","article_modified_time":"2025-11-21T14:06:18+00:00","twitter_card":"summary_large_image","schema":{"@context":"https:\/\/schema.org","@graph":[{"@type":"WebPage","@id":"https:\/\/www.qrpinternational.ch\/fr\/chef-de-projet\/","url":"https:\/\/www.qrpinternational.ch\/fr\/chef-de-projet\/","name":"Chef de projet r\u00f4le et certifications | QRP Switzerland","isPartOf":{"@id":"https:\/\/www.qrpinternational.ch\/#website"},"datePublished":"2025-01-27T09:19:54+00:00","dateModified":"2025-11-21T14:06:18+00:00","description":"Chef de projet : d\u00e9couvrez le r\u00f4le, les comp\u00e9tences et les certifications n\u00e9cessaires pour devenir un chef de projet professionnel.","breadcrumb":{"@id":"https:\/\/www.qrpinternational.ch\/fr\/chef-de-projet\/#breadcrumb"},"inLanguage":"fr-FR","potentialAction":[{"@type":"ReadAction","target":["https:\/\/www.qrpinternational.ch\/fr\/chef-de-projet\/"]}]},{"@type":"BreadcrumbList","@id":"https:\/\/www.qrpinternational.ch\/fr\/chef-de-projet\/#breadcrumb","itemListElement":[{"@type":"ListItem","position":1,"name":"Home","item":"https:\/\/www.qrpinternational.ch\/fr\/"},{"@type":"ListItem","position":2,"name":"Chef de projet"}]},{"@type":"WebSite","@id":"https:\/\/www.qrpinternational.ch\/#website","url":"https:\/\/www.qrpinternational.ch\/","name":"Switzerland","description":"Developing Professionals","potentialAction":[{"@type":"SearchAction","target":{"@type":"EntryPoint","urlTemplate":"https:\/\/www.qrpinternational.ch\/?s={search_term_string}"},"query-input":{"@type":"PropertyValueSpecification","valueRequired":true,"valueName":"search_term_string"}}],"inLanguage":"fr-FR"}]}},"_links":{"self":[{"href":"https:\/\/www.qrpinternational.ch\/fr\/wp-json\/wp\/v2\/pages\/44812","targetHints":{"allow":["GET"]}}],"collection":[{"href":"https:\/\/www.qrpinternational.ch\/fr\/wp-json\/wp\/v2\/pages"}],"about":[{"href":"https:\/\/www.qrpinternational.ch\/fr\/wp-json\/wp\/v2\/types\/page"}],"author":[{"embeddable":true,"href":"https:\/\/www.qrpinternational.ch\/fr\/wp-json\/wp\/v2\/users\/1"}],"replies":[{"embeddable":true,"href":"https:\/\/www.qrpinternational.ch\/fr\/wp-json\/wp\/v2\/comments?post=44812"}],"version-history":[{"count":10,"href":"https:\/\/www.qrpinternational.ch\/fr\/wp-json\/wp\/v2\/pages\/44812\/revisions"}],"predecessor-version":[{"id":48616,"href":"https:\/\/www.qrpinternational.ch\/fr\/wp-json\/wp\/v2\/pages\/44812\/revisions\/48616"}],"wp:attachment":[{"href":"https:\/\/www.qrpinternational.ch\/fr\/wp-json\/wp\/v2\/media?parent=44812"}],"curies":[{"name":"wp","href":"https:\/\/api.w.org\/{rel}","templated":true}]}}