{"id":44828,"date":"2025-01-28T12:22:18","date_gmt":"2025-01-28T11:22:18","guid":{"rendered":"https:\/\/www.qrpinternational.ch\/?page_id=44828"},"modified":"2025-11-17T12:53:16","modified_gmt":"2025-11-17T11:53:16","slug":"validite-des-certifications","status":"publish","type":"page","link":"https:\/\/www.qrpinternational.ch\/fr\/validite-des-certifications\/","title":{"rendered":"Validit\u00e9 des Certifications"},"content":{"rendered":"<p><div class=\"fusion-fullwidth fullwidth-box fusion-builder-row-1 cont-border-8 nonhundred-percent-fullwidth non-hundred-percent-height-scrolling\" style=\"background-color: rgba(255,255,255,0);background-position: left top;background-repeat: no-repeat;padding-top:0px;padding-right:0px;padding-bottom:0px;padding-left:0px;margin-bottom: 0px;margin-top: 0px;border-width: 0px 0px 0px 0px;border-color:#eae9e9;border-style:solid;\" ><div class=\"fusion-builder-row fusion-row\"><div class=\"fusion-layout-column fusion_builder_column fusion-builder-column-0 fusion_builder_column_1_1 1_1 fusion-one-full fusion-column-first fusion-column-last contenitore-mini\" style=\"margin-top:0px;margin-bottom:20px;\"><div class=\"fusion-column-wrapper fusion-flex-column-wrapper-legacy\" style=\"background-position:left top;background-repeat:no-repeat;-webkit-background-size:cover;-moz-background-size:cover;-o-background-size:cover;background-size:cover;padding: 0px 0px 0px 0px;\"><style type=\"text\/css\"><\/style><div class=\"fusion-title title fusion-title-1 fusion-title-center fusion-title-text fusion-title-size-one\" style=\"margin-top:0px;margin-right:0px;margin-bottom:31px;margin-left:0px;\"><div class=\"title-sep-container title-sep-container-left\"><div class=\"title-sep sep-\" style=\"border-color:#ffffff;\"><\/div><\/div><span class=\"awb-title-spacer\"><\/span><h1 class=\"title-heading-center\" style=\"margin:0;\">Quelle est la dur\u00e9e de validit\u00e9 des certifications ?<\/h1><span class=\"awb-title-spacer\"><\/span><div class=\"title-sep-container title-sep-container-right\"><div class=\"title-sep sep-\" style=\"border-color:#ffffff;\"><\/div><\/div><\/div><div class=\"fusion-clearfix\"><\/div><\/div><\/div><\/div><\/div><div class=\"fusion-fullwidth fullwidth-box fusion-builder-row-2 hundred-percent-fullwidth non-hundred-percent-height-scrolling\" style=\"background-color: rgba(255,255,255,0);background-position: center center;background-repeat: no-repeat;padding-top:0px;padding-right:0px;padding-bottom:0px;padding-left:0px;margin-bottom: 0px;margin-top: 0px;border-width: 0px 0px 0px 0px;border-color:#eae9e9;border-style:solid;\" ><div class=\"fusion-builder-row fusion-row\"><div class=\"fusion-layout-column fusion_builder_column fusion-builder-column-1 fusion_builder_column_1_1 1_1 fusion-one-full fusion-column-first fusion-column-last contenitore-mini testo\" style=\"margin-top:0px;margin-bottom:20px;\"><div class=\"fusion-column-wrapper fusion-flex-column-wrapper-legacy\" style=\"background-position:left top;background-repeat:no-repeat;-webkit-background-size:cover;-moz-background-size:cover;-o-background-size:cover;background-size:cover;padding: 0px 0px 0px 0px;\"><div class=\"fusion-text fusion-text-1\"><p>Il est essentiel de conna\u00eetre la dur\u00e9e de validit\u00e9 de votre certification pour planifier les renouvellements et s&rsquo;assurer que vos titres restent \u00e0 jour.<br \/>\nQue vous soyez un nouveau candidat ou un professionnel chevronn\u00e9, cette page vous fournira les informations essentielles pour maintenir votre certification \u00e0 jour et valide.<\/p>\n<p>Poursuivez votre lecture pour en savoir plus sur la <strong>dur\u00e9e de validit\u00e9<\/strong> de toutes les certifications que nous proposons et sur <strong>comment les renouveler<\/strong> le moment venu.<\/p>\n<\/div><div class=\"fusion-clearfix\"><\/div><\/div><\/div><\/div><style type=\"text\/css\">.fusion-fullwidth.fusion-builder-row-2 { overflow:visible; }<\/style><\/div><div class=\"fusion-fullwidth fullwidth-box fusion-builder-row-3 hundred-percent-fullwidth non-hundred-percent-height-scrolling\" style=\"background-color: rgba(255,255,255,0);background-position: center center;background-repeat: no-repeat;padding-top:0px;padding-right:0px;padding-bottom:0px;padding-left:0px;margin-bottom: 0px;margin-top: 0px;border-width: 0px 0px 0px 0px;border-color:#eae9e9;border-style:solid;\" ><div class=\"fusion-builder-row fusion-row\"><div class=\"fusion-layout-column fusion_builder_column fusion-builder-column-2 fusion_builder_column_1_1 1_1 fusion-one-full fusion-column-first fusion-column-last contenitore-mini testo\" style=\"margin-top:0px;margin-bottom:20px;\"><div class=\"fusion-column-wrapper fusion-flex-column-wrapper-legacy\" style=\"background-position:left top;background-repeat:no-repeat;-webkit-background-size:cover;-moz-background-size:cover;-o-background-size:cover;background-size:cover;padding: 0px 0px 0px 0px;\"><div class=\"fusion-text fusion-text-2\"><h2><strong>Certifications PeopleCert<\/strong><\/h2>\n<p>Toutes les certifications PeopleCert, \u00e0 savoir <strong>PRINCE2\u00ae, ITIL\u00ae, PRINCE2\u00ae Agile, MSP\u00ae, MoP\u00ae, P3O\u00ae<\/strong> doivent \u00eatre renouvel\u00e9es <strong>tous les trois ans<\/strong>.<\/p>\n<p>Il existe trois voies principales de renouvellement :<\/p>\n<ol>\n<li>Repasser le m\u00eame examen : vous pouvez renouveler votre certification en repassant l&rsquo;examen original avant la date de renouvellement.<\/li>\n<li>Suivre d&rsquo;autres formations et certifications : vous pouvez renouveler vos certifications en suivant une autre formation et en passant un autre examen, dans la m\u00eame suite de produits*, avant la date de renouvellement.<\/li>\n<li>Collecter et enregistrer des points CPD : vous pouvez renouveler et conserver votre certification en collectant et en enregistrant des points CPD (continuing professional development).<\/li>\n<\/ol>\n<p>*Les suites de produits sont les suivantes :<\/p>\n<ul>\n<li>Suite de produits ITIL 4 : Toutes les certifications ITIL 4<\/li>\n<li>Suite de produits gestion de projet, de programme et de portefeuille : PRINCE2\u00ae, PRINCE2\u00ae Agile, MoR\u00ae, MSP\u00ae, MoV\u00ae, MoP\u00ae, P3O<\/li>\n<\/ul>\n<\/div><div class=\"fusion-clearfix\"><\/div><\/div><\/div><\/div><style type=\"text\/css\">.fusion-fullwidth.fusion-builder-row-3 { overflow:visible; }<\/style><\/div><div class=\"fusion-fullwidth fullwidth-box fusion-builder-row-4 hundred-percent-fullwidth non-hundred-percent-height-scrolling\" style=\"background-color: rgba(255,255,255,0);background-position: center center;background-repeat: no-repeat;padding-top:0px;padding-right:0px;padding-bottom:0px;padding-left:0px;margin-bottom: 0px;margin-top: 0px;border-width: 0px 0px 0px 0px;border-color:#eae9e9;border-style:solid;\" ><div class=\"fusion-builder-row fusion-row\"><div class=\"fusion-layout-column fusion_builder_column fusion-builder-column-3 fusion_builder_column_1_1 1_1 fusion-one-full fusion-column-first fusion-column-last contenitore-mini testo\" style=\"margin-top:0px;margin-bottom:20px;\"><div class=\"fusion-column-wrapper fusion-flex-column-wrapper-legacy\" style=\"background-position:left top;background-repeat:no-repeat;-webkit-background-size:cover;-moz-background-size:cover;-o-background-size:cover;background-size:cover;padding: 0px 0px 0px 0px;\"><div class=\"fusion-text fusion-text-3\"><h2><strong>Certifications APMG<\/strong><\/h2>\n<\/div>\n<div class=\"table-1\">\n<table width=\"100%\">\n<thead>\n<tr>\n<th align=\"left\">Certification<\/th>\n<th align=\"left\">Validit\u00e9<\/th>\n<th align=\"left\">Comment rester accr\u00e9dit\u00e9\u00b7e<\/th>\n<\/tr>\n<\/thead>\n<tbody>\n<tr>\n<td align=\"left\">Agile Change Agent<\/td>\n<td align=\"left\">\u00e0 vie<\/td>\n<td align=\"left\"><\/td>\n<\/tr>\n<tr>\n<td align=\"left\">AgilePM Foundation<\/td>\n<td align=\"left\">\u00e0 vie<\/td>\n<td align=\"left\"><\/td>\n<\/tr>\n<tr>\n<td align=\"left\">AgilePM Practitioner<\/td>\n<td align=\"left\">5 ans<\/td>\n<td align=\"left\">Au-del\u00e0 de 5 ans : repasser l&rsquo;examen<br \/>\nDans les 3 \u00e0 5 ans : passer l&rsquo;examen de r\u00e9inscription (m\u00eame format que l&rsquo;examen Practiotioner mais avec moins de questions)<\/td>\n<\/tr>\n<tr>\n<td align=\"left\">Change Management Foundation<\/td>\n<td align=\"left\">\u00e0 vie<\/td>\n<td align=\"left\"><\/td>\n<\/tr>\n<tr>\n<td align=\"left\">Change Management Practitioner<\/td>\n<td align=\"left\">5 ans<\/td>\n<td align=\"left\">Au-del\u00e0 de 5 ans : repasser l&rsquo;examen<br \/>\nDans les 3 \u00e0 5 ans : passer l&rsquo;examen de r\u00e9inscription (m\u00eame format que l&rsquo;examen Practitioner mais avec moins de questions).<\/td>\n<\/tr>\n<tr>\n<td align=\"left\">Design Thinking<\/td>\n<td align=\"left\">\u00e0 vie<\/td>\n<td align=\"left\"><\/td>\n<\/tr>\n<tr>\n<td align=\"left\">Scrum Master<\/td>\n<td align=\"left\">\u00e0 vie<\/td>\n<td align=\"left\"><\/td>\n<\/tr>\n<tr>\n<td align=\"left\">Scrum Product Owner<\/td>\n<td align=\"left\">\u00e0 vie<\/td>\n<td align=\"left\"><\/td>\n<\/tr>\n<\/tbody>\n<\/table>\n<\/div>\n<div class=\"fusion-clearfix\"><\/div><\/div><\/div><\/div><style type=\"text\/css\">.fusion-fullwidth.fusion-builder-row-4 { overflow:visible; }<\/style><\/div><div class=\"fusion-fullwidth fullwidth-box fusion-builder-row-5 hundred-percent-fullwidth non-hundred-percent-height-scrolling\" style=\"background-color: rgba(255,255,255,0);background-position: center center;background-repeat: no-repeat;padding-top:0px;padding-right:0px;padding-bottom:0px;padding-left:0px;margin-bottom: 0px;margin-top: 0px;border-width: 0px 0px 0px 0px;border-color:#eae9e9;border-style:solid;\" ><div class=\"fusion-builder-row fusion-row\"><div class=\"fusion-layout-column fusion_builder_column fusion-builder-column-4 fusion_builder_column_1_1 1_1 fusion-one-full fusion-column-first fusion-column-last contenitore-mini testo\" style=\"margin-top:0px;margin-bottom:20px;\"><div class=\"fusion-column-wrapper fusion-flex-column-wrapper-legacy\" style=\"background-position:left top;background-repeat:no-repeat;-webkit-background-size:cover;-moz-background-size:cover;-o-background-size:cover;background-size:cover;padding: 0px 0px 0px 0px;\"><div class=\"fusion-text fusion-text-4\"><h2><strong>Certifications PMI<\/strong><\/h2>\n<\/div><div class=\"fusion-text fusion-text-5\"><h2><strong>Certifications PMI<\/strong><\/h2>\n<\/div>\n<div class=\"table-1\">\n<table width=\"100%\">\n<thead>\n<tr>\n<th align=\"left\">Certification<\/th>\n<th align=\"left\">Validit\u00e9<\/th>\n<th align=\"left\">Comment rester accr\u00e9dit\u00e9\u00b7e<\/th>\n<\/tr>\n<\/thead>\n<tbody>\n<tr>\n<td align=\"left\">PMP<\/td>\n<td align=\"left\">3 ans<\/td>\n<td align=\"left\">Au cours de ces trois ann\u00e9es, vous devrez acqu\u00e9rir <strong>60 unit\u00e9s de d\u00e9veloppement professionnel (UDP)<\/strong> pour renouveler votre certification \u00e0 la fin du cycle<\/td>\n<\/tr>\n<tr>\n<td align=\"left\">CAPM<\/td>\n<td align=\"left\">3 ans<\/td>\n<td align=\"left\">Au cours de ces trois ann\u00e9es, vous devrez acqu\u00e9rir <strong>15 unit\u00e9s de d\u00e9veloppement professionnel (UDP)<\/strong> pour renouveler votre certification \u00e0 la fin du cycle<\/td>\n<\/tr>\n<\/tbody>\n<\/table>\n<\/div>\n<div class=\"fusion-clearfix\"><\/div><\/div><\/div><\/div><style type=\"text\/css\">.fusion-fullwidth.fusion-builder-row-5 { overflow:visible; }<\/style><\/div><div class=\"fusion-fullwidth fullwidth-box fusion-builder-row-6 hundred-percent-fullwidth non-hundred-percent-height-scrolling\" style=\"background-color: rgba(255,255,255,0);background-position: center center;background-repeat: no-repeat;padding-top:0px;padding-right:0px;padding-bottom:0px;padding-left:0px;margin-bottom: 0px;margin-top: 0px;border-width: 0px 0px 0px 0px;border-color:#eae9e9;border-style:solid;\" ><div class=\"fusion-builder-row fusion-row\"><div class=\"fusion-layout-column fusion_builder_column fusion-builder-column-5 fusion_builder_column_1_1 1_1 fusion-one-full fusion-column-first fusion-column-last contenitore-mini testo\" style=\"margin-top:0px;margin-bottom:20px;\"><div class=\"fusion-column-wrapper fusion-flex-column-wrapper-legacy\" style=\"background-position:left top;background-repeat:no-repeat;-webkit-background-size:cover;-moz-background-size:cover;-o-background-size:cover;background-size:cover;padding: 0px 0px 0px 0px;\"><div class=\"fusion-text fusion-text-6\"><h2><strong>Certifications Scaled Agile<\/strong><\/h2>\n<\/div><div class=\"fusion-text fusion-text-7\"><p>Vous devrez renouveler votre <strong>certification SAFe<\/strong> au bout d&rsquo;un an.<\/p>\n<p>Au moment du renouvellement, vous recevrez un e-mail officiel de Scaled Agile pour renouveler les certificats. Si vous souhaitez renouveler votre certification, vous devez renouveler votre adh\u00e9sion \u00e0 l&rsquo;un des trois niveaux, dont deux incluent un renouvellement group\u00e9 de toutes vos certifications SAFe. Si vous n&rsquo;avez pas besoin ou ne voulez pas inclure le renouvellement de vos certifications, vous avez la possibilit\u00e9 de renouveler simplement votre adh\u00e9sion pour continuer \u00e0 acc\u00e9der \u00e0 tous les \u00e9l\u00e9ments, outils et ressources qui vous aideront \u00e0 grandir en tant que professionnel SAFe.<\/p>\n<\/div><div class=\"fusion-clearfix\"><\/div><\/div><\/div><\/div><style type=\"text\/css\">.fusion-fullwidth.fusion-builder-row-6 { overflow:visible; }<\/style><\/div><div class=\"fusion-fullwidth fullwidth-box fusion-builder-row-7 hundred-percent-fullwidth non-hundred-percent-height-scrolling\" style=\"background-color: rgba(255,255,255,0);background-position: center center;background-repeat: no-repeat;padding-top:0px;padding-right:0px;padding-bottom:0px;padding-left:0px;margin-bottom: 0px;margin-top: 0px;border-width: 0px 0px 0px 0px;border-color:#eae9e9;border-style:solid;\" ><div class=\"fusion-builder-row fusion-row\"><div class=\"fusion-layout-column fusion_builder_column fusion-builder-column-6 fusion_builder_column_1_1 1_1 fusion-one-full fusion-column-first fusion-column-last contenitore-mini testo\" style=\"margin-top:0px;margin-bottom:20px;\"><div class=\"fusion-column-wrapper fusion-flex-column-wrapper-legacy\" style=\"background-position:left top;background-repeat:no-repeat;-webkit-background-size:cover;-moz-background-size:cover;-o-background-size:cover;background-size:cover;padding: 0px 0px 0px 0px;\"><div class=\"fusion-text fusion-text-8\"><h2><strong>Autres certifications (dans le catalogue de QRP)<\/strong><\/h2>\n<\/div>\n<div class=\"table-1\">\n<table width=\"100%\">\n<thead>\n<tr>\n<th align=\"left\">Certification<\/th>\n<th align=\"left\">Validity<\/th>\n<th align=\"left\">How to remain accredited<\/th>\n<\/tr>\n<\/thead>\n<tbody>\n<tr>\n<td align=\"left\">Hermes Foundation<\/td>\n<td align=\"left\">\n<table width=\"100%\">\n<tbody>\n<tr>\n<td align=\"left\">\u00e0 vie<\/td>\n<\/tr>\n<\/tbody>\n<\/table>\n<\/td>\n<td align=\"left\"><\/td>\n<\/tr>\n<tr>\n<td align=\"left\">Hermes Advanced<\/td>\n<td align=\"left\">\n<table width=\"100%\">\n<tbody>\n<tr>\n<td align=\"left\">5\u00a0 ans<\/td>\n<\/tr>\n<\/tbody>\n<\/table>\n<\/td>\n<td align=\"left\">\n<ul>\n<li>Apporter la preuve qu\u2019il a assist\u00e9 \u00e0 un s\u00e9minaire et\/ou une formation continue traitant sur le th\u00e8me de la gestion de projets respectivement HERMES (au moins 20 s\u00e9ances de cours de 45 minutes chacun)<\/li>\n<li>Exp\u00e9rience professionnelle: un r\u00f4le de conduite, pilotage, ex\u00e9cution ou transfert de connaissances selon HERMES au cours de la p\u00e9riode de certification (description du projet avec validation par l\u2019employeur\/le mandant).<\/li>\n<\/ul>\n<\/td>\n<\/tr>\n<tr>\n<td align=\"left\">PM2<\/td>\n<td align=\"left\">\n<table width=\"100%\">\n<tbody>\n<tr>\n<td align=\"left\">\u00e0 vie<\/td>\n<\/tr>\n<\/tbody>\n<\/table>\n<\/td>\n<td align=\"left\"><\/td>\n<\/tr>\n<tr>\n<td align=\"left\">TOGAF Foundation<\/td>\n<td align=\"left\">\n<table width=\"100%\">\n<tbody>\n<tr>\n<td align=\"left\">\u00e0 vie<\/td>\n<\/tr>\n<\/tbody>\n<\/table>\n<\/td>\n<td align=\"left\"><\/td>\n<\/tr>\n<tr>\n<td align=\"left\">TOGAF Practitioner<\/td>\n<td align=\"left\">\n<table width=\"100%\">\n<tbody>\n<tr>\n<td align=\"left\">\u00e0 vie<\/td>\n<\/tr>\n<\/tbody>\n<\/table>\n<\/td>\n<td align=\"left\"><\/td>\n<\/tr>\n<\/tbody>\n<\/table>\n<\/div>\n<div class=\"fusion-clearfix\"><\/div><\/div><\/div><\/div><style type=\"text\/css\">.fusion-fullwidth.fusion-builder-row-7 { overflow:visible; }<\/style><\/div><\/p>\n","protected":false},"excerpt":{"rendered":"","protected":false},"author":1,"featured_media":0,"parent":0,"menu_order":27,"comment_status":"closed","ping_status":"closed","template":"","meta":{"_acf_changed":false,"footnotes":""},"class_list":["post-44828","page","type-page","status-publish","hentry"],"acf":[],"yoast_head":"<!-- This site is optimized with the Yoast SEO plugin v25.0 - https:\/\/yoast.com\/wordpress\/plugins\/seo\/ -->\n<title>Validit\u00e9 des Certifications - | QRP Switzerland<\/title>\n<meta name=\"description\" content=\"D\u00e9couvrez la dur\u00e9e de validit\u00e9 de toutes les certifications propos\u00e9es par QRP et sur comment les renouveler le moment venu.\" \/>\n<meta name=\"robots\" content=\"index, follow, max-snippet:-1, max-image-preview:large, max-video-preview:-1\" \/>\n<link rel=\"canonical\" href=\"https:\/\/www.qrpinternational.ch\/fr\/validite-des-certifications\/\" \/>\n<meta property=\"og:locale\" content=\"fr_FR\" \/>\n<meta property=\"og:type\" content=\"article\" \/>\n<meta property=\"og:title\" content=\"Validit\u00e9 des Certifications - | QRP Switzerland\" \/>\n<meta property=\"og:description\" content=\"D\u00e9couvrez la dur\u00e9e de validit\u00e9 de toutes les certifications propos\u00e9es par QRP et sur comment les renouveler le moment venu.\" \/>\n<meta property=\"og:url\" content=\"https:\/\/www.qrpinternational.ch\/fr\/validite-des-certifications\/\" \/>\n<meta property=\"og:site_name\" content=\"Switzerland\" \/>\n<meta property=\"article:modified_time\" content=\"2025-11-17T11:53:16+00:00\" \/>\n<meta name=\"twitter:card\" content=\"summary_large_image\" \/>\n<meta name=\"twitter:label1\" content=\"Dur\u00e9e de lecture estim\u00e9e\" \/>\n\t<meta name=\"twitter:data1\" content=\"6 minutes\" \/>\n<script type=\"application\/ld+json\" class=\"yoast-schema-graph\">{\"@context\":\"https:\/\/schema.org\",\"@graph\":[{\"@type\":\"WebPage\",\"@id\":\"https:\/\/www.qrpinternational.ch\/fr\/validite-des-certifications\/\",\"url\":\"https:\/\/www.qrpinternational.ch\/fr\/validite-des-certifications\/\",\"name\":\"Validit\u00e9 des Certifications - | QRP Switzerland\",\"isPartOf\":{\"@id\":\"https:\/\/www.qrpinternational.ch\/#website\"},\"datePublished\":\"2025-01-28T11:22:18+00:00\",\"dateModified\":\"2025-11-17T11:53:16+00:00\",\"description\":\"D\u00e9couvrez la dur\u00e9e de validit\u00e9 de toutes les certifications propos\u00e9es par QRP et sur comment les renouveler le moment venu.\",\"breadcrumb\":{\"@id\":\"https:\/\/www.qrpinternational.ch\/fr\/validite-des-certifications\/#breadcrumb\"},\"inLanguage\":\"fr-FR\",\"potentialAction\":[{\"@type\":\"ReadAction\",\"target\":[\"https:\/\/www.qrpinternational.ch\/fr\/validite-des-certifications\/\"]}]},{\"@type\":\"BreadcrumbList\",\"@id\":\"https:\/\/www.qrpinternational.ch\/fr\/validite-des-certifications\/#breadcrumb\",\"itemListElement\":[{\"@type\":\"ListItem\",\"position\":1,\"name\":\"Home\",\"item\":\"https:\/\/www.qrpinternational.ch\/fr\/\"},{\"@type\":\"ListItem\",\"position\":2,\"name\":\"Validit\u00e9 des Certifications\"}]},{\"@type\":\"WebSite\",\"@id\":\"https:\/\/www.qrpinternational.ch\/#website\",\"url\":\"https:\/\/www.qrpinternational.ch\/\",\"name\":\"Switzerland\",\"description\":\"Developing Professionals\",\"potentialAction\":[{\"@type\":\"SearchAction\",\"target\":{\"@type\":\"EntryPoint\",\"urlTemplate\":\"https:\/\/www.qrpinternational.ch\/?s={search_term_string}\"},\"query-input\":{\"@type\":\"PropertyValueSpecification\",\"valueRequired\":true,\"valueName\":\"search_term_string\"}}],\"inLanguage\":\"fr-FR\"}]}<\/script>\n<!-- \/ Yoast SEO plugin. -->","yoast_head_json":{"title":"Validit\u00e9 des Certifications - | QRP Switzerland","description":"D\u00e9couvrez la dur\u00e9e de validit\u00e9 de toutes les certifications propos\u00e9es par QRP et sur comment les renouveler le moment venu.","robots":{"index":"index","follow":"follow","max-snippet":"max-snippet:-1","max-image-preview":"max-image-preview:large","max-video-preview":"max-video-preview:-1"},"canonical":"https:\/\/www.qrpinternational.ch\/fr\/validite-des-certifications\/","og_locale":"fr_FR","og_type":"article","og_title":"Validit\u00e9 des Certifications - | QRP Switzerland","og_description":"D\u00e9couvrez la dur\u00e9e de validit\u00e9 de toutes les certifications propos\u00e9es par QRP et sur comment les renouveler le moment venu.","og_url":"https:\/\/www.qrpinternational.ch\/fr\/validite-des-certifications\/","og_site_name":"Switzerland","article_modified_time":"2025-11-17T11:53:16+00:00","twitter_card":"summary_large_image","twitter_misc":{"Dur\u00e9e de lecture estim\u00e9e":"6 minutes"},"schema":{"@context":"https:\/\/schema.org","@graph":[{"@type":"WebPage","@id":"https:\/\/www.qrpinternational.ch\/fr\/validite-des-certifications\/","url":"https:\/\/www.qrpinternational.ch\/fr\/validite-des-certifications\/","name":"Validit\u00e9 des Certifications - | QRP Switzerland","isPartOf":{"@id":"https:\/\/www.qrpinternational.ch\/#website"},"datePublished":"2025-01-28T11:22:18+00:00","dateModified":"2025-11-17T11:53:16+00:00","description":"D\u00e9couvrez la dur\u00e9e de validit\u00e9 de toutes les certifications propos\u00e9es par QRP et sur comment les renouveler le moment venu.","breadcrumb":{"@id":"https:\/\/www.qrpinternational.ch\/fr\/validite-des-certifications\/#breadcrumb"},"inLanguage":"fr-FR","potentialAction":[{"@type":"ReadAction","target":["https:\/\/www.qrpinternational.ch\/fr\/validite-des-certifications\/"]}]},{"@type":"BreadcrumbList","@id":"https:\/\/www.qrpinternational.ch\/fr\/validite-des-certifications\/#breadcrumb","itemListElement":[{"@type":"ListItem","position":1,"name":"Home","item":"https:\/\/www.qrpinternational.ch\/fr\/"},{"@type":"ListItem","position":2,"name":"Validit\u00e9 des Certifications"}]},{"@type":"WebSite","@id":"https:\/\/www.qrpinternational.ch\/#website","url":"https:\/\/www.qrpinternational.ch\/","name":"Switzerland","description":"Developing Professionals","potentialAction":[{"@type":"SearchAction","target":{"@type":"EntryPoint","urlTemplate":"https:\/\/www.qrpinternational.ch\/?s={search_term_string}"},"query-input":{"@type":"PropertyValueSpecification","valueRequired":true,"valueName":"search_term_string"}}],"inLanguage":"fr-FR"}]}},"_links":{"self":[{"href":"https:\/\/www.qrpinternational.ch\/fr\/wp-json\/wp\/v2\/pages\/44828","targetHints":{"allow":["GET"]}}],"collection":[{"href":"https:\/\/www.qrpinternational.ch\/fr\/wp-json\/wp\/v2\/pages"}],"about":[{"href":"https:\/\/www.qrpinternational.ch\/fr\/wp-json\/wp\/v2\/types\/page"}],"author":[{"embeddable":true,"href":"https:\/\/www.qrpinternational.ch\/fr\/wp-json\/wp\/v2\/users\/1"}],"replies":[{"embeddable":true,"href":"https:\/\/www.qrpinternational.ch\/fr\/wp-json\/wp\/v2\/comments?post=44828"}],"version-history":[{"count":3,"href":"https:\/\/www.qrpinternational.ch\/fr\/wp-json\/wp\/v2\/pages\/44828\/revisions"}],"predecessor-version":[{"id":48557,"href":"https:\/\/www.qrpinternational.ch\/fr\/wp-json\/wp\/v2\/pages\/44828\/revisions\/48557"}],"wp:attachment":[{"href":"https:\/\/www.qrpinternational.ch\/fr\/wp-json\/wp\/v2\/media?parent=44828"}],"curies":[{"name":"wp","href":"https:\/\/api.w.org\/{rel}","templated":true}]}}