{"id":46252,"date":"2025-05-12T15:23:13","date_gmt":"2025-05-12T13:23:13","guid":{"rendered":"https:\/\/www.qrpinternational.ch\/?page_id=46252"},"modified":"2025-09-05T13:19:55","modified_gmt":"2025-09-05T11:19:55","slug":"change-agent","status":"publish","type":"page","link":"https:\/\/www.qrpinternational.ch\/fr\/change-agent\/","title":{"rendered":"Change Agent"},"content":{"rendered":"","protected":false},"excerpt":{"rendered":"","protected":false},"author":1,"featured_media":0,"parent":0,"menu_order":31,"comment_status":"closed","ping_status":"closed","template":"roles-template.php","meta":{"_acf_changed":false,"footnotes":""},"class_list":["post-46252","page","type-page","status-publish","hentry"],"acf":[],"yoast_head":"<!-- This site is optimized with the Yoast SEO plugin v25.0 - https:\/\/yoast.com\/wordpress\/plugins\/seo\/ -->\n<title>Change Agent\u202f: certifications pour optimiser le changement | QRP<\/title>\n<meta name=\"description\" content=\"D\u00e9couvrez comment un Change Agent s\u00e9curise vos projets\u00a0: savoir\u2011faire, responsabilit\u00e9s et le r\u00f4le cl\u00e9 des certifications pour convaincre.\" \/>\n<meta name=\"robots\" content=\"index, follow, max-snippet:-1, max-image-preview:large, max-video-preview:-1\" \/>\n<link rel=\"canonical\" href=\"https:\/\/www.qrpinternational.ch\/fr\/change-agent\/\" \/>\n<meta property=\"og:locale\" content=\"fr_FR\" \/>\n<meta property=\"og:type\" content=\"article\" \/>\n<meta property=\"og:title\" content=\"Change Agent\u202f: certifications pour optimiser le changement | QRP\" \/>\n<meta property=\"og:description\" content=\"D\u00e9couvrez comment un Change Agent s\u00e9curise vos projets\u00a0: savoir\u2011faire, responsabilit\u00e9s et le r\u00f4le cl\u00e9 des certifications pour convaincre.\" \/>\n<meta property=\"og:url\" content=\"https:\/\/www.qrpinternational.ch\/fr\/change-agent\/\" \/>\n<meta property=\"og:site_name\" content=\"Switzerland\" \/>\n<meta property=\"article:modified_time\" content=\"2025-09-05T11:19:55+00:00\" \/>\n<meta name=\"twitter:card\" content=\"summary_large_image\" \/>\n<script type=\"application\/ld+json\" class=\"yoast-schema-graph\">{\"@context\":\"https:\/\/schema.org\",\"@graph\":[{\"@type\":\"WebPage\",\"@id\":\"https:\/\/www.qrpinternational.ch\/fr\/change-agent\/\",\"url\":\"https:\/\/www.qrpinternational.ch\/fr\/change-agent\/\",\"name\":\"Change Agent\u202f: certifications pour optimiser le changement | QRP\",\"isPartOf\":{\"@id\":\"https:\/\/www.qrpinternational.ch\/#website\"},\"datePublished\":\"2025-05-12T13:23:13+00:00\",\"dateModified\":\"2025-09-05T11:19:55+00:00\",\"description\":\"D\u00e9couvrez comment un Change Agent s\u00e9curise vos projets\u00a0: savoir\u2011faire, responsabilit\u00e9s et le r\u00f4le cl\u00e9 des certifications pour convaincre.\",\"breadcrumb\":{\"@id\":\"https:\/\/www.qrpinternational.ch\/fr\/change-agent\/#breadcrumb\"},\"inLanguage\":\"fr-FR\",\"potentialAction\":[{\"@type\":\"ReadAction\",\"target\":[\"https:\/\/www.qrpinternational.ch\/fr\/change-agent\/\"]}]},{\"@type\":\"BreadcrumbList\",\"@id\":\"https:\/\/www.qrpinternational.ch\/fr\/change-agent\/#breadcrumb\",\"itemListElement\":[{\"@type\":\"ListItem\",\"position\":1,\"name\":\"Home\",\"item\":\"https:\/\/www.qrpinternational.ch\/fr\/\"},{\"@type\":\"ListItem\",\"position\":2,\"name\":\"Change Agent\"}]},{\"@type\":\"WebSite\",\"@id\":\"https:\/\/www.qrpinternational.ch\/#website\",\"url\":\"https:\/\/www.qrpinternational.ch\/\",\"name\":\"Switzerland\",\"description\":\"Developing Professionals\",\"potentialAction\":[{\"@type\":\"SearchAction\",\"target\":{\"@type\":\"EntryPoint\",\"urlTemplate\":\"https:\/\/www.qrpinternational.ch\/?s={search_term_string}\"},\"query-input\":{\"@type\":\"PropertyValueSpecification\",\"valueRequired\":true,\"valueName\":\"search_term_string\"}}],\"inLanguage\":\"fr-FR\"}]}<\/script>\n<!-- \/ Yoast SEO plugin. -->","yoast_head_json":{"title":"Change Agent\u202f: certifications pour optimiser le changement | QRP","description":"D\u00e9couvrez comment un Change Agent s\u00e9curise vos projets\u00a0: savoir\u2011faire, responsabilit\u00e9s et le r\u00f4le cl\u00e9 des certifications pour convaincre.","robots":{"index":"index","follow":"follow","max-snippet":"max-snippet:-1","max-image-preview":"max-image-preview:large","max-video-preview":"max-video-preview:-1"},"canonical":"https:\/\/www.qrpinternational.ch\/fr\/change-agent\/","og_locale":"fr_FR","og_type":"article","og_title":"Change Agent\u202f: certifications pour optimiser le changement | QRP","og_description":"D\u00e9couvrez comment un Change Agent s\u00e9curise vos projets\u00a0: savoir\u2011faire, responsabilit\u00e9s et le r\u00f4le cl\u00e9 des certifications pour convaincre.","og_url":"https:\/\/www.qrpinternational.ch\/fr\/change-agent\/","og_site_name":"Switzerland","article_modified_time":"2025-09-05T11:19:55+00:00","twitter_card":"summary_large_image","schema":{"@context":"https:\/\/schema.org","@graph":[{"@type":"WebPage","@id":"https:\/\/www.qrpinternational.ch\/fr\/change-agent\/","url":"https:\/\/www.qrpinternational.ch\/fr\/change-agent\/","name":"Change Agent\u202f: certifications pour optimiser le changement | QRP","isPartOf":{"@id":"https:\/\/www.qrpinternational.ch\/#website"},"datePublished":"2025-05-12T13:23:13+00:00","dateModified":"2025-09-05T11:19:55+00:00","description":"D\u00e9couvrez comment un Change Agent s\u00e9curise vos projets\u00a0: savoir\u2011faire, responsabilit\u00e9s et le r\u00f4le cl\u00e9 des certifications pour convaincre.","breadcrumb":{"@id":"https:\/\/www.qrpinternational.ch\/fr\/change-agent\/#breadcrumb"},"inLanguage":"fr-FR","potentialAction":[{"@type":"ReadAction","target":["https:\/\/www.qrpinternational.ch\/fr\/change-agent\/"]}]},{"@type":"BreadcrumbList","@id":"https:\/\/www.qrpinternational.ch\/fr\/change-agent\/#breadcrumb","itemListElement":[{"@type":"ListItem","position":1,"name":"Home","item":"https:\/\/www.qrpinternational.ch\/fr\/"},{"@type":"ListItem","position":2,"name":"Change Agent"}]},{"@type":"WebSite","@id":"https:\/\/www.qrpinternational.ch\/#website","url":"https:\/\/www.qrpinternational.ch\/","name":"Switzerland","description":"Developing Professionals","potentialAction":[{"@type":"SearchAction","target":{"@type":"EntryPoint","urlTemplate":"https:\/\/www.qrpinternational.ch\/?s={search_term_string}"},"query-input":{"@type":"PropertyValueSpecification","valueRequired":true,"valueName":"search_term_string"}}],"inLanguage":"fr-FR"}]}},"_links":{"self":[{"href":"https:\/\/www.qrpinternational.ch\/fr\/wp-json\/wp\/v2\/pages\/46252","targetHints":{"allow":["GET"]}}],"collection":[{"href":"https:\/\/www.qrpinternational.ch\/fr\/wp-json\/wp\/v2\/pages"}],"about":[{"href":"https:\/\/www.qrpinternational.ch\/fr\/wp-json\/wp\/v2\/types\/page"}],"author":[{"embeddable":true,"href":"https:\/\/www.qrpinternational.ch\/fr\/wp-json\/wp\/v2\/users\/1"}],"replies":[{"embeddable":true,"href":"https:\/\/www.qrpinternational.ch\/fr\/wp-json\/wp\/v2\/comments?post=46252"}],"version-history":[{"count":4,"href":"https:\/\/www.qrpinternational.ch\/fr\/wp-json\/wp\/v2\/pages\/46252\/revisions"}],"predecessor-version":[{"id":47674,"href":"https:\/\/www.qrpinternational.ch\/fr\/wp-json\/wp\/v2\/pages\/46252\/revisions\/47674"}],"wp:attachment":[{"href":"https:\/\/www.qrpinternational.ch\/fr\/wp-json\/wp\/v2\/media?parent=46252"}],"curies":[{"name":"wp","href":"https:\/\/api.w.org\/{rel}","templated":true}]}}