{"id":49600,"date":"2026-03-10T17:32:09","date_gmt":"2026-03-10T16:32:09","guid":{"rendered":"https:\/\/www.qrpinternational.ch\/?page_id=49600"},"modified":"2026-03-11T16:41:12","modified_gmt":"2026-03-11T15:41:12","slug":"methodes-agile","status":"publish","type":"page","link":"https:\/\/www.qrpinternational.ch\/fr\/methodes-agile\/","title":{"rendered":"Agile"},"content":{"rendered":"","protected":false},"excerpt":{"rendered":"","protected":false},"author":1,"featured_media":0,"parent":0,"menu_order":6,"comment_status":"closed","ping_status":"closed","template":"method_template.php","meta":{"_acf_changed":false,"footnotes":""},"class_list":["post-49600","page","type-page","status-publish","hentry"],"acf":[],"yoast_head":"<!-- This site is optimized with the Yoast SEO plugin v25.0 - https:\/\/yoast.com\/wordpress\/plugins\/seo\/ -->\n<title>M\u00e9thodes Agile r\u00f4le et certifications | QRP Switzerland<\/title>\n<meta name=\"description\" content=\"La gestion de projet agile d\u00e9crit une approche it\u00e9rative de la planification et de l\u2019orientation des processus de projet. N\u00e9anmoins, Agile est un \u00e9tat d\u2019esprit. Aucune approche de gestion de projet Agile ne convient \u00e0 toutes les situations.\" \/>\n<meta name=\"robots\" content=\"index, follow, max-snippet:-1, max-image-preview:large, max-video-preview:-1\" \/>\n<link rel=\"canonical\" href=\"https:\/\/www.qrpinternational.ch\/fr\/methodes-agile\/\" \/>\n<meta property=\"og:locale\" content=\"fr_FR\" \/>\n<meta property=\"og:type\" content=\"article\" \/>\n<meta property=\"og:title\" content=\"M\u00e9thodes Agile r\u00f4le et certifications | QRP Switzerland\" \/>\n<meta property=\"og:description\" content=\"La gestion de projet agile d\u00e9crit une approche it\u00e9rative de la planification et de l\u2019orientation des processus de projet. N\u00e9anmoins, Agile est un \u00e9tat d\u2019esprit. Aucune approche de gestion de projet Agile ne convient \u00e0 toutes les situations.\" \/>\n<meta property=\"og:url\" content=\"https:\/\/www.qrpinternational.ch\/fr\/methodes-agile\/\" \/>\n<meta property=\"og:site_name\" content=\"Switzerland\" \/>\n<meta property=\"article:modified_time\" content=\"2026-03-11T15:41:12+00:00\" \/>\n<meta name=\"twitter:card\" content=\"summary_large_image\" \/>\n<script type=\"application\/ld+json\" class=\"yoast-schema-graph\">{\"@context\":\"https:\/\/schema.org\",\"@graph\":[{\"@type\":\"WebPage\",\"@id\":\"https:\/\/www.qrpinternational.ch\/fr\/methodes-agile\/\",\"url\":\"https:\/\/www.qrpinternational.ch\/fr\/methodes-agile\/\",\"name\":\"M\u00e9thodes Agile r\u00f4le et certifications | QRP Switzerland\",\"isPartOf\":{\"@id\":\"https:\/\/www.qrpinternational.ch\/#website\"},\"datePublished\":\"2026-03-10T16:32:09+00:00\",\"dateModified\":\"2026-03-11T15:41:12+00:00\",\"description\":\"La gestion de projet agile d\u00e9crit une approche it\u00e9rative de la planification et de l\u2019orientation des processus de projet. N\u00e9anmoins, Agile est un \u00e9tat d\u2019esprit. Aucune approche de gestion de projet Agile ne convient \u00e0 toutes les situations.\",\"breadcrumb\":{\"@id\":\"https:\/\/www.qrpinternational.ch\/fr\/methodes-agile\/#breadcrumb\"},\"inLanguage\":\"fr-FR\",\"potentialAction\":[{\"@type\":\"ReadAction\",\"target\":[\"https:\/\/www.qrpinternational.ch\/fr\/methodes-agile\/\"]}]},{\"@type\":\"BreadcrumbList\",\"@id\":\"https:\/\/www.qrpinternational.ch\/fr\/methodes-agile\/#breadcrumb\",\"itemListElement\":[{\"@type\":\"ListItem\",\"position\":1,\"name\":\"Home\",\"item\":\"https:\/\/www.qrpinternational.ch\/fr\/\"},{\"@type\":\"ListItem\",\"position\":2,\"name\":\"Agile\"}]},{\"@type\":\"WebSite\",\"@id\":\"https:\/\/www.qrpinternational.ch\/#website\",\"url\":\"https:\/\/www.qrpinternational.ch\/\",\"name\":\"Switzerland\",\"description\":\"Developing Professionals\",\"potentialAction\":[{\"@type\":\"SearchAction\",\"target\":{\"@type\":\"EntryPoint\",\"urlTemplate\":\"https:\/\/www.qrpinternational.ch\/?s={search_term_string}\"},\"query-input\":{\"@type\":\"PropertyValueSpecification\",\"valueRequired\":true,\"valueName\":\"search_term_string\"}}],\"inLanguage\":\"fr-FR\"}]}<\/script>\n<!-- \/ Yoast SEO plugin. -->","yoast_head_json":{"title":"M\u00e9thodes Agile r\u00f4le et certifications | QRP Switzerland","description":"La gestion de projet agile d\u00e9crit une approche it\u00e9rative de la planification et de l\u2019orientation des processus de projet. N\u00e9anmoins, Agile est un \u00e9tat d\u2019esprit. Aucune approche de gestion de projet Agile ne convient \u00e0 toutes les situations.","robots":{"index":"index","follow":"follow","max-snippet":"max-snippet:-1","max-image-preview":"max-image-preview:large","max-video-preview":"max-video-preview:-1"},"canonical":"https:\/\/www.qrpinternational.ch\/fr\/methodes-agile\/","og_locale":"fr_FR","og_type":"article","og_title":"M\u00e9thodes Agile r\u00f4le et certifications | QRP Switzerland","og_description":"La gestion de projet agile d\u00e9crit une approche it\u00e9rative de la planification et de l\u2019orientation des processus de projet. N\u00e9anmoins, Agile est un \u00e9tat d\u2019esprit. Aucune approche de gestion de projet Agile ne convient \u00e0 toutes les situations.","og_url":"https:\/\/www.qrpinternational.ch\/fr\/methodes-agile\/","og_site_name":"Switzerland","article_modified_time":"2026-03-11T15:41:12+00:00","twitter_card":"summary_large_image","schema":{"@context":"https:\/\/schema.org","@graph":[{"@type":"WebPage","@id":"https:\/\/www.qrpinternational.ch\/fr\/methodes-agile\/","url":"https:\/\/www.qrpinternational.ch\/fr\/methodes-agile\/","name":"M\u00e9thodes Agile r\u00f4le et certifications | QRP Switzerland","isPartOf":{"@id":"https:\/\/www.qrpinternational.ch\/#website"},"datePublished":"2026-03-10T16:32:09+00:00","dateModified":"2026-03-11T15:41:12+00:00","description":"La gestion de projet agile d\u00e9crit une approche it\u00e9rative de la planification et de l\u2019orientation des processus de projet. N\u00e9anmoins, Agile est un \u00e9tat d\u2019esprit. Aucune approche de gestion de projet Agile ne convient \u00e0 toutes les situations.","breadcrumb":{"@id":"https:\/\/www.qrpinternational.ch\/fr\/methodes-agile\/#breadcrumb"},"inLanguage":"fr-FR","potentialAction":[{"@type":"ReadAction","target":["https:\/\/www.qrpinternational.ch\/fr\/methodes-agile\/"]}]},{"@type":"BreadcrumbList","@id":"https:\/\/www.qrpinternational.ch\/fr\/methodes-agile\/#breadcrumb","itemListElement":[{"@type":"ListItem","position":1,"name":"Home","item":"https:\/\/www.qrpinternational.ch\/fr\/"},{"@type":"ListItem","position":2,"name":"Agile"}]},{"@type":"WebSite","@id":"https:\/\/www.qrpinternational.ch\/#website","url":"https:\/\/www.qrpinternational.ch\/","name":"Switzerland","description":"Developing Professionals","potentialAction":[{"@type":"SearchAction","target":{"@type":"EntryPoint","urlTemplate":"https:\/\/www.qrpinternational.ch\/?s={search_term_string}"},"query-input":{"@type":"PropertyValueSpecification","valueRequired":true,"valueName":"search_term_string"}}],"inLanguage":"fr-FR"}]}},"_links":{"self":[{"href":"https:\/\/www.qrpinternational.ch\/fr\/wp-json\/wp\/v2\/pages\/49600","targetHints":{"allow":["GET"]}}],"collection":[{"href":"https:\/\/www.qrpinternational.ch\/fr\/wp-json\/wp\/v2\/pages"}],"about":[{"href":"https:\/\/www.qrpinternational.ch\/fr\/wp-json\/wp\/v2\/types\/page"}],"author":[{"embeddable":true,"href":"https:\/\/www.qrpinternational.ch\/fr\/wp-json\/wp\/v2\/users\/1"}],"replies":[{"embeddable":true,"href":"https:\/\/www.qrpinternational.ch\/fr\/wp-json\/wp\/v2\/comments?post=49600"}],"version-history":[{"count":4,"href":"https:\/\/www.qrpinternational.ch\/fr\/wp-json\/wp\/v2\/pages\/49600\/revisions"}],"predecessor-version":[{"id":49615,"href":"https:\/\/www.qrpinternational.ch\/fr\/wp-json\/wp\/v2\/pages\/49600\/revisions\/49615"}],"wp:attachment":[{"href":"https:\/\/www.qrpinternational.ch\/fr\/wp-json\/wp\/v2\/media?parent=49600"}],"curies":[{"name":"wp","href":"https:\/\/api.w.org\/{rel}","templated":true}]}}